{"id":5116,"date":"2025-01-21T15:04:22","date_gmt":"2025-01-21T15:04:22","guid":{"rendered":"https:\/\/coplweb.ca\/?page_id=5116"},"modified":"2025-03-17T17:57:56","modified_gmt":"2025-03-17T17:57:56","slug":"internship-photonic-sciences-and-innovations-mitacs","status":"publish","type":"page","link":"https:\/\/coplweb.ca\/en\/internship-photonic-sciences-and-innovations-mitacs\/","title":{"rendered":"Internship &#8211; Photonic sciences and innovations &#8211; Mitacs"},"content":{"rendered":"","protected":false},"excerpt":{"rendered":"","protected":false},"author":8,"featured_media":5183,"parent":0,"menu_order":0,"comment_status":"closed","ping_status":"closed","template":"template-sections-sur-mesure.php","meta":{"_acf_changed":false,"footnotes":""},"class_list":["post-5116","page","type-page","status-publish","has-post-thumbnail"],"acf":[],"yoast_head":"<!-- This site is optimized with the Yoast SEO plugin v24.4 - https:\/\/yoast.com\/wordpress\/plugins\/seo\/ -->\r\n<title>Internship - Photonic sciences and innovations - Mitacs - COPL<\/title>\r\n<meta name=\"robots\" content=\"index, follow, max-snippet:-1, max-image-preview:large, max-video-preview:-1\" \/>\r\n<link rel=\"canonical\" href=\"https:\/\/coplweb.ca\/en\/internship-photonic-sciences-and-innovations-mitacs\/\" \/>\r\n<meta property=\"og:locale\" content=\"en_US\" \/>\r\n<meta property=\"og:type\" content=\"article\" \/>\r\n<meta property=\"og:title\" content=\"Internship - Photonic sciences and innovations - Mitacs - COPL\" \/>\r\n<meta property=\"og:url\" content=\"https:\/\/coplweb.ca\/en\/internship-photonic-sciences-and-innovations-mitacs\/\" \/>\r\n<meta property=\"og:site_name\" content=\"COPL\" \/>\r\n<meta property=\"article:modified_time\" content=\"2025-03-17T17:57:56+00:00\" \/>\r\n<meta property=\"og:image\" content=\"https:\/\/coplweb.ca\/wp-content\/uploads\/2025\/01\/Promo-ANG.jpg\" \/>\r\n\t<meta property=\"og:image:width\" content=\"1080\" \/>\r\n\t<meta property=\"og:image:height\" content=\"1080\" \/>\r\n\t<meta property=\"og:image:type\" content=\"image\/jpeg\" \/>\r\n<meta name=\"twitter:card\" content=\"summary_large_image\" \/>\r\n<script type=\"application\/ld+json\" class=\"yoast-schema-graph\">{\"@context\":\"https:\/\/schema.org\",\"@graph\":[{\"@type\":\"WebPage\",\"@id\":\"https:\/\/coplweb.ca\/en\/internship-photonic-sciences-and-innovations-mitacs\/\",\"url\":\"https:\/\/coplweb.ca\/en\/internship-photonic-sciences-and-innovations-mitacs\/\",\"name\":\"Internship - Photonic sciences and innovations - Mitacs - COPL\",\"isPartOf\":{\"@id\":\"https:\/\/coplweb.ca\/#website\"},\"primaryImageOfPage\":{\"@id\":\"https:\/\/coplweb.ca\/en\/internship-photonic-sciences-and-innovations-mitacs\/#primaryimage\"},\"image\":{\"@id\":\"https:\/\/coplweb.ca\/en\/internship-photonic-sciences-and-innovations-mitacs\/#primaryimage\"},\"thumbnailUrl\":\"https:\/\/coplweb.ca\/wp-content\/uploads\/2025\/01\/Promo-ANG.jpg\",\"datePublished\":\"2025-01-21T15:04:22+00:00\",\"dateModified\":\"2025-03-17T17:57:56+00:00\",\"breadcrumb\":{\"@id\":\"https:\/\/coplweb.ca\/en\/internship-photonic-sciences-and-innovations-mitacs\/#breadcrumb\"},\"inLanguage\":\"en-US\",\"potentialAction\":[{\"@type\":\"ReadAction\",\"target\":[\"https:\/\/coplweb.ca\/en\/internship-photonic-sciences-and-innovations-mitacs\/\"]}]},{\"@type\":\"ImageObject\",\"inLanguage\":\"en-US\",\"@id\":\"https:\/\/coplweb.ca\/en\/internship-photonic-sciences-and-innovations-mitacs\/#primaryimage\",\"url\":\"https:\/\/coplweb.ca\/wp-content\/uploads\/2025\/01\/Promo-ANG.jpg\",\"contentUrl\":\"https:\/\/coplweb.ca\/wp-content\/uploads\/2025\/01\/Promo-ANG.jpg\",\"width\":1080,\"height\":1080},{\"@type\":\"BreadcrumbList\",\"@id\":\"https:\/\/coplweb.ca\/en\/internship-photonic-sciences-and-innovations-mitacs\/#breadcrumb\",\"itemListElement\":[{\"@type\":\"ListItem\",\"position\":1,\"name\":\"Accueil\",\"item\":\"https:\/\/coplweb.ca\/en\/\"},{\"@type\":\"ListItem\",\"position\":2,\"name\":\"Internship &#8211; Photonic sciences and innovations &#8211; Mitacs\"}]},{\"@type\":\"WebSite\",\"@id\":\"https:\/\/coplweb.ca\/#website\",\"url\":\"https:\/\/coplweb.ca\/\",\"name\":\"COPL\",\"description\":\"Regroupement strat\u00e9gique des experts qu\u00e9b\u00e9cois de l&#039;optique et de la photonique\",\"publisher\":{\"@id\":\"https:\/\/coplweb.ca\/#organization\"},\"potentialAction\":[{\"@type\":\"SearchAction\",\"target\":{\"@type\":\"EntryPoint\",\"urlTemplate\":\"https:\/\/coplweb.ca\/?s={search_term_string}\"},\"query-input\":{\"@type\":\"PropertyValueSpecification\",\"valueRequired\":true,\"valueName\":\"search_term_string\"}}],\"inLanguage\":\"en-US\"},{\"@type\":\"Organization\",\"@id\":\"https:\/\/coplweb.ca\/#organization\",\"name\":\"COPL - Centre d'optique, photonique et lasers\",\"url\":\"https:\/\/coplweb.ca\/\",\"logo\":{\"@type\":\"ImageObject\",\"inLanguage\":\"en-US\",\"@id\":\"https:\/\/coplweb.ca\/#\/schema\/logo\/image\/\",\"url\":\"https:\/\/coplweb.ca\/wp-content\/uploads\/2022\/10\/cropped-COPL_Centre-d-optique-photonique-et-lasers_Logo-rouge.png\",\"contentUrl\":\"https:\/\/coplweb.ca\/wp-content\/uploads\/2022\/10\/cropped-COPL_Centre-d-optique-photonique-et-lasers_Logo-rouge.png\",\"width\":1068,\"height\":412,\"caption\":\"COPL - Centre d'optique, photonique et lasers\"},\"image\":{\"@id\":\"https:\/\/coplweb.ca\/#\/schema\/logo\/image\/\"}}]}<\/script>\r\n<!-- \/ Yoast SEO plugin. -->","yoast_head_json":{"title":"Internship - Photonic sciences and innovations - Mitacs - COPL","robots":{"index":"index","follow":"follow","max-snippet":"max-snippet:-1","max-image-preview":"max-image-preview:large","max-video-preview":"max-video-preview:-1"},"canonical":"https:\/\/coplweb.ca\/en\/internship-photonic-sciences-and-innovations-mitacs\/","og_locale":"en_US","og_type":"article","og_title":"Internship - Photonic sciences and innovations - Mitacs - COPL","og_url":"https:\/\/coplweb.ca\/en\/internship-photonic-sciences-and-innovations-mitacs\/","og_site_name":"COPL","article_modified_time":"2025-03-17T17:57:56+00:00","og_image":[{"width":1080,"height":1080,"url":"https:\/\/coplweb.ca\/wp-content\/uploads\/2025\/01\/Promo-ANG.jpg","type":"image\/jpeg"}],"twitter_card":"summary_large_image","schema":{"@context":"https:\/\/schema.org","@graph":[{"@type":"WebPage","@id":"https:\/\/coplweb.ca\/en\/internship-photonic-sciences-and-innovations-mitacs\/","url":"https:\/\/coplweb.ca\/en\/internship-photonic-sciences-and-innovations-mitacs\/","name":"Internship - Photonic sciences and innovations - Mitacs - COPL","isPartOf":{"@id":"https:\/\/coplweb.ca\/#website"},"primaryImageOfPage":{"@id":"https:\/\/coplweb.ca\/en\/internship-photonic-sciences-and-innovations-mitacs\/#primaryimage"},"image":{"@id":"https:\/\/coplweb.ca\/en\/internship-photonic-sciences-and-innovations-mitacs\/#primaryimage"},"thumbnailUrl":"https:\/\/coplweb.ca\/wp-content\/uploads\/2025\/01\/Promo-ANG.jpg","datePublished":"2025-01-21T15:04:22+00:00","dateModified":"2025-03-17T17:57:56+00:00","breadcrumb":{"@id":"https:\/\/coplweb.ca\/en\/internship-photonic-sciences-and-innovations-mitacs\/#breadcrumb"},"inLanguage":"en-US","potentialAction":[{"@type":"ReadAction","target":["https:\/\/coplweb.ca\/en\/internship-photonic-sciences-and-innovations-mitacs\/"]}]},{"@type":"ImageObject","inLanguage":"en-US","@id":"https:\/\/coplweb.ca\/en\/internship-photonic-sciences-and-innovations-mitacs\/#primaryimage","url":"https:\/\/coplweb.ca\/wp-content\/uploads\/2025\/01\/Promo-ANG.jpg","contentUrl":"https:\/\/coplweb.ca\/wp-content\/uploads\/2025\/01\/Promo-ANG.jpg","width":1080,"height":1080},{"@type":"BreadcrumbList","@id":"https:\/\/coplweb.ca\/en\/internship-photonic-sciences-and-innovations-mitacs\/#breadcrumb","itemListElement":[{"@type":"ListItem","position":1,"name":"Accueil","item":"https:\/\/coplweb.ca\/en\/"},{"@type":"ListItem","position":2,"name":"Internship &#8211; Photonic sciences and innovations &#8211; Mitacs"}]},{"@type":"WebSite","@id":"https:\/\/coplweb.ca\/#website","url":"https:\/\/coplweb.ca\/","name":"COPL","description":"Regroupement strat\u00e9gique des experts qu\u00e9b\u00e9cois de l&#039;optique et de la photonique","publisher":{"@id":"https:\/\/coplweb.ca\/#organization"},"potentialAction":[{"@type":"SearchAction","target":{"@type":"EntryPoint","urlTemplate":"https:\/\/coplweb.ca\/?s={search_term_string}"},"query-input":{"@type":"PropertyValueSpecification","valueRequired":true,"valueName":"search_term_string"}}],"inLanguage":"en-US"},{"@type":"Organization","@id":"https:\/\/coplweb.ca\/#organization","name":"COPL - Centre d'optique, photonique et lasers","url":"https:\/\/coplweb.ca\/","logo":{"@type":"ImageObject","inLanguage":"en-US","@id":"https:\/\/coplweb.ca\/#\/schema\/logo\/image\/","url":"https:\/\/coplweb.ca\/wp-content\/uploads\/2022\/10\/cropped-COPL_Centre-d-optique-photonique-et-lasers_Logo-rouge.png","contentUrl":"https:\/\/coplweb.ca\/wp-content\/uploads\/2022\/10\/cropped-COPL_Centre-d-optique-photonique-et-lasers_Logo-rouge.png","width":1068,"height":412,"caption":"COPL - Centre d'optique, photonique et lasers"},"image":{"@id":"https:\/\/coplweb.ca\/#\/schema\/logo\/image\/"}}]}},"_links":{"self":[{"href":"https:\/\/coplweb.ca\/en\/wp-json\/wp\/v2\/pages\/5116","targetHints":{"allow":["GET"]}}],"collection":[{"href":"https:\/\/coplweb.ca\/en\/wp-json\/wp\/v2\/pages"}],"about":[{"href":"https:\/\/coplweb.ca\/en\/wp-json\/wp\/v2\/types\/page"}],"author":[{"embeddable":true,"href":"https:\/\/coplweb.ca\/en\/wp-json\/wp\/v2\/users\/8"}],"replies":[{"embeddable":true,"href":"https:\/\/coplweb.ca\/en\/wp-json\/wp\/v2\/comments?post=5116"}],"version-history":[{"count":26,"href":"https:\/\/coplweb.ca\/en\/wp-json\/wp\/v2\/pages\/5116\/revisions"}],"predecessor-version":[{"id":5327,"href":"https:\/\/coplweb.ca\/en\/wp-json\/wp\/v2\/pages\/5116\/revisions\/5327"}],"wp:featuredmedia":[{"embeddable":true,"href":"https:\/\/coplweb.ca\/en\/wp-json\/wp\/v2\/media\/5183"}],"wp:attachment":[{"href":"https:\/\/coplweb.ca\/en\/wp-json\/wp\/v2\/media?parent=5116"}],"curies":[{"name":"wp","href":"https:\/\/api.w.org\/{rel}","templated":true}]}}