{"id":4042,"date":"2023-10-31T21:13:46","date_gmt":"2023-10-31T21:13:46","guid":{"rendered":"https:\/\/coplweb.ca\/?page_id=4042"},"modified":"2023-11-08T18:41:51","modified_gmt":"2023-11-08T18:41:51","slug":"publications","status":"publish","type":"page","link":"https:\/\/coplweb.ca\/en\/publications\/","title":{"rendered":"Publications"},"content":{"rendered":"","protected":false},"excerpt":{"rendered":"","protected":false},"author":9,"featured_media":0,"parent":0,"menu_order":5,"comment_status":"closed","ping_status":"closed","template":"template-publications.php","meta":{"_acf_changed":false,"footnotes":""},"class_list":["post-4042","page","type-page","status-publish"],"acf":[],"yoast_head":"<!-- This site is optimized with the Yoast SEO plugin v24.4 - https:\/\/yoast.com\/wordpress\/plugins\/seo\/ -->\r\n<title>Publications - COPL<\/title>\r\n<meta name=\"robots\" content=\"index, follow, max-snippet:-1, max-image-preview:large, max-video-preview:-1\" \/>\r\n<link rel=\"canonical\" href=\"https:\/\/coplweb.ca\/publications\/\" \/>\r\n<meta property=\"og:locale\" content=\"en_US\" \/>\r\n<meta property=\"og:type\" content=\"article\" \/>\r\n<meta property=\"og:title\" content=\"Publications - COPL\" \/>\r\n<meta property=\"og:url\" content=\"https:\/\/coplweb.ca\/publications\/\" \/>\r\n<meta property=\"og:site_name\" content=\"COPL\" \/>\r\n<meta property=\"article:modified_time\" content=\"2023-11-08T18:41:51+00:00\" \/>\r\n<meta name=\"twitter:card\" content=\"summary_large_image\" \/>\r\n<script type=\"application\/ld+json\" class=\"yoast-schema-graph\">{\"@context\":\"https:\/\/schema.org\",\"@graph\":[{\"@type\":\"WebPage\",\"@id\":\"https:\/\/coplweb.ca\/publications\/\",\"url\":\"https:\/\/coplweb.ca\/publications\/\",\"name\":\"Publications - COPL\",\"isPartOf\":{\"@id\":\"https:\/\/coplweb.ca\/#website\"},\"datePublished\":\"2023-10-31T21:13:46+00:00\",\"dateModified\":\"2023-11-08T18:41:51+00:00\",\"breadcrumb\":{\"@id\":\"https:\/\/coplweb.ca\/publications\/#breadcrumb\"},\"inLanguage\":\"en-US\",\"potentialAction\":[{\"@type\":\"ReadAction\",\"target\":[\"https:\/\/coplweb.ca\/publications\/\"]}]},{\"@type\":\"BreadcrumbList\",\"@id\":\"https:\/\/coplweb.ca\/publications\/#breadcrumb\",\"itemListElement\":[{\"@type\":\"ListItem\",\"position\":1,\"name\":\"Accueil\",\"item\":\"https:\/\/coplweb.ca\/en\/\"},{\"@type\":\"ListItem\",\"position\":2,\"name\":\"Publications\"}]},{\"@type\":\"WebSite\",\"@id\":\"https:\/\/coplweb.ca\/#website\",\"url\":\"https:\/\/coplweb.ca\/\",\"name\":\"COPL\",\"description\":\"Regroupement strat\u00e9gique des experts qu\u00e9b\u00e9cois de l&#039;optique et de la photonique\",\"publisher\":{\"@id\":\"https:\/\/coplweb.ca\/#organization\"},\"potentialAction\":[{\"@type\":\"SearchAction\",\"target\":{\"@type\":\"EntryPoint\",\"urlTemplate\":\"https:\/\/coplweb.ca\/?s={search_term_string}\"},\"query-input\":{\"@type\":\"PropertyValueSpecification\",\"valueRequired\":true,\"valueName\":\"search_term_string\"}}],\"inLanguage\":\"en-US\"},{\"@type\":\"Organization\",\"@id\":\"https:\/\/coplweb.ca\/#organization\",\"name\":\"COPL - Centre d'optique, photonique et lasers\",\"url\":\"https:\/\/coplweb.ca\/\",\"logo\":{\"@type\":\"ImageObject\",\"inLanguage\":\"en-US\",\"@id\":\"https:\/\/coplweb.ca\/#\/schema\/logo\/image\/\",\"url\":\"https:\/\/coplweb.ca\/wp-content\/uploads\/2022\/10\/cropped-COPL_Centre-d-optique-photonique-et-lasers_Logo-rouge.png\",\"contentUrl\":\"https:\/\/coplweb.ca\/wp-content\/uploads\/2022\/10\/cropped-COPL_Centre-d-optique-photonique-et-lasers_Logo-rouge.png\",\"width\":1068,\"height\":412,\"caption\":\"COPL - Centre d'optique, photonique et lasers\"},\"image\":{\"@id\":\"https:\/\/coplweb.ca\/#\/schema\/logo\/image\/\"}}]}<\/script>\r\n<!-- \/ Yoast SEO plugin. -->","yoast_head_json":{"title":"Publications - COPL","robots":{"index":"index","follow":"follow","max-snippet":"max-snippet:-1","max-image-preview":"max-image-preview:large","max-video-preview":"max-video-preview:-1"},"canonical":"https:\/\/coplweb.ca\/publications\/","og_locale":"en_US","og_type":"article","og_title":"Publications - COPL","og_url":"https:\/\/coplweb.ca\/publications\/","og_site_name":"COPL","article_modified_time":"2023-11-08T18:41:51+00:00","twitter_card":"summary_large_image","schema":{"@context":"https:\/\/schema.org","@graph":[{"@type":"WebPage","@id":"https:\/\/coplweb.ca\/publications\/","url":"https:\/\/coplweb.ca\/publications\/","name":"Publications - COPL","isPartOf":{"@id":"https:\/\/coplweb.ca\/#website"},"datePublished":"2023-10-31T21:13:46+00:00","dateModified":"2023-11-08T18:41:51+00:00","breadcrumb":{"@id":"https:\/\/coplweb.ca\/publications\/#breadcrumb"},"inLanguage":"en-US","potentialAction":[{"@type":"ReadAction","target":["https:\/\/coplweb.ca\/publications\/"]}]},{"@type":"BreadcrumbList","@id":"https:\/\/coplweb.ca\/publications\/#breadcrumb","itemListElement":[{"@type":"ListItem","position":1,"name":"Accueil","item":"https:\/\/coplweb.ca\/en\/"},{"@type":"ListItem","position":2,"name":"Publications"}]},{"@type":"WebSite","@id":"https:\/\/coplweb.ca\/#website","url":"https:\/\/coplweb.ca\/","name":"COPL","description":"Regroupement strat\u00e9gique des experts qu\u00e9b\u00e9cois de l&#039;optique et de la photonique","publisher":{"@id":"https:\/\/coplweb.ca\/#organization"},"potentialAction":[{"@type":"SearchAction","target":{"@type":"EntryPoint","urlTemplate":"https:\/\/coplweb.ca\/?s={search_term_string}"},"query-input":{"@type":"PropertyValueSpecification","valueRequired":true,"valueName":"search_term_string"}}],"inLanguage":"en-US"},{"@type":"Organization","@id":"https:\/\/coplweb.ca\/#organization","name":"COPL - Centre d'optique, photonique et lasers","url":"https:\/\/coplweb.ca\/","logo":{"@type":"ImageObject","inLanguage":"en-US","@id":"https:\/\/coplweb.ca\/#\/schema\/logo\/image\/","url":"https:\/\/coplweb.ca\/wp-content\/uploads\/2022\/10\/cropped-COPL_Centre-d-optique-photonique-et-lasers_Logo-rouge.png","contentUrl":"https:\/\/coplweb.ca\/wp-content\/uploads\/2022\/10\/cropped-COPL_Centre-d-optique-photonique-et-lasers_Logo-rouge.png","width":1068,"height":412,"caption":"COPL - Centre d'optique, photonique et lasers"},"image":{"@id":"https:\/\/coplweb.ca\/#\/schema\/logo\/image\/"}}]}},"_links":{"self":[{"href":"https:\/\/coplweb.ca\/en\/wp-json\/wp\/v2\/pages\/4042","targetHints":{"allow":["GET"]}}],"collection":[{"href":"https:\/\/coplweb.ca\/en\/wp-json\/wp\/v2\/pages"}],"about":[{"href":"https:\/\/coplweb.ca\/en\/wp-json\/wp\/v2\/types\/page"}],"author":[{"embeddable":true,"href":"https:\/\/coplweb.ca\/en\/wp-json\/wp\/v2\/users\/9"}],"replies":[{"embeddable":true,"href":"https:\/\/coplweb.ca\/en\/wp-json\/wp\/v2\/comments?post=4042"}],"version-history":[{"count":3,"href":"https:\/\/coplweb.ca\/en\/wp-json\/wp\/v2\/pages\/4042\/revisions"}],"predecessor-version":[{"id":4218,"href":"https:\/\/coplweb.ca\/en\/wp-json\/wp\/v2\/pages\/4042\/revisions\/4218"}],"wp:attachment":[{"href":"https:\/\/coplweb.ca\/en\/wp-json\/wp\/v2\/media?parent=4042"}],"curies":[{"name":"wp","href":"https:\/\/api.w.org\/{rel}","templated":true}]}}