{"id":3903,"date":"2023-10-24T13:38:20","date_gmt":"2023-10-24T13:38:20","guid":{"rendered":"https:\/\/coplweb.ca\/?page_id=3903"},"modified":"2023-10-24T19:51:08","modified_gmt":"2023-10-24T19:51:08","slug":"access-to-infrastructures","status":"publish","type":"page","link":"https:\/\/coplweb.ca\/en\/access-to-infrastructures\/","title":{"rendered":"Access to infrastructures"},"content":{"rendered":"<p><a href=\"https:\/\/alls.inrs.ca\/\"><img loading=\"lazy\" decoding=\"async\" class=\"size-medium wp-image-3893 alignleft\" src=\"https:\/\/coplweb.ca\/wp-content\/uploads\/2023\/10\/ALLS-300x89.png\" alt=\"\" width=\"300\" height=\"89\" srcset=\"https:\/\/coplweb.ca\/wp-content\/uploads\/2023\/10\/ALLS-300x89.png 300w, https:\/\/coplweb.ca\/wp-content\/uploads\/2023\/10\/ALLS.png 411w\" sizes=\"auto, (max-width: 300px) 100vw, 300px\" \/><\/a>Explore the Advanced Laser Light Source Laboratory (ALLS) at INRS-EMT. ALLS houses Canada&#8217;s most powerful laser at 750 TW and high repetition rate laser systems to explore new phenomena in matter with ultrafast tools.<\/p>\n<p>A new access policy is now available to obtain beamtime!<br \/>\nThe current call for proposals closes on December 4, 2023. The application template is available here: <a href=\"https:\/\/coplweb.ca\/wp-content\/uploads\/2023\/10\/ALLS-Cycle2-Proposal-Template.docx\">Access to ALLS<\/a><\/p>\n<p>A video explaining the different ways to obtain access to ALLS is available on the ALLS YouTube channel (Fran\u00e7ois L\u00e9gar\u00e9, INRS Varennes):<br \/>\n<a href=\"https:\/\/www.youtube.com\/watch?v=1yyhOhR2UsA\">A new ALLS access policy to build a diverse user community!<\/a><\/p>\n","protected":false},"excerpt":{"rendered":"<p>Explore the Advanced Laser Light Source Laboratory (ALLS) at INRS-EMT. ALLS houses Canada&#8217;s most powerful laser at 750 TW and high repetition rate laser systems to explore new phenomena in matter with ultrafast tools. A new access policy is now available to obtain beamtime! The current call for proposals closes on December 4, 2023. The &#8230; <a title=\"Access to infrastructures\" class=\"read-more\" href=\"https:\/\/coplweb.ca\/en\/access-to-infrastructures\/\" aria-label=\"Read more about Access to infrastructures\"> <\/a><\/p>\n","protected":false},"author":8,"featured_media":0,"parent":0,"menu_order":0,"comment_status":"closed","ping_status":"closed","template":"","meta":{"_acf_changed":false,"footnotes":""},"class_list":["post-3903","page","type-page","status-publish"],"acf":[],"yoast_head":"<!-- This site is optimized with the Yoast SEO plugin v24.4 - https:\/\/yoast.com\/wordpress\/plugins\/seo\/ -->\r\n<title>Access to infrastructures - COPL<\/title>\r\n<meta name=\"robots\" content=\"index, follow, max-snippet:-1, max-image-preview:large, max-video-preview:-1\" \/>\r\n<link rel=\"canonical\" href=\"https:\/\/coplweb.ca\/en\/laboratories-and-infrastructures\/access-to-infrastructures\/\" \/>\r\n<meta property=\"og:locale\" content=\"en_US\" \/>\r\n<meta property=\"og:type\" content=\"article\" \/>\r\n<meta property=\"og:title\" content=\"Access to infrastructures - COPL\" \/>\r\n<meta property=\"og:description\" content=\"Explore the Advanced Laser Light Source Laboratory (ALLS) at INRS-EMT. ALLS houses Canada&#8217;s most powerful laser at 750 TW and high repetition rate laser systems to explore new phenomena in matter with ultrafast tools. A new access policy is now available to obtain beamtime! The current call for proposals closes on December 4, 2023. The ...\" \/>\r\n<meta property=\"og:url\" content=\"https:\/\/coplweb.ca\/en\/laboratories-and-infrastructures\/access-to-infrastructures\/\" \/>\r\n<meta property=\"og:site_name\" content=\"COPL\" \/>\r\n<meta property=\"article:modified_time\" content=\"2023-10-24T19:51:08+00:00\" \/>\r\n<meta property=\"og:image\" content=\"https:\/\/coplweb.ca\/wp-content\/uploads\/2023\/10\/ALLS-300x89.png\" \/>\r\n<meta name=\"twitter:card\" content=\"summary_large_image\" \/>\r\n<script type=\"application\/ld+json\" class=\"yoast-schema-graph\">{\"@context\":\"https:\/\/schema.org\",\"@graph\":[{\"@type\":\"WebPage\",\"@id\":\"https:\/\/coplweb.ca\/en\/laboratories-and-infrastructures\/access-to-infrastructures\/\",\"url\":\"https:\/\/coplweb.ca\/en\/laboratories-and-infrastructures\/access-to-infrastructures\/\",\"name\":\"Access to infrastructures - COPL\",\"isPartOf\":{\"@id\":\"https:\/\/coplweb.ca\/#website\"},\"primaryImageOfPage\":{\"@id\":\"https:\/\/coplweb.ca\/en\/laboratories-and-infrastructures\/access-to-infrastructures\/#primaryimage\"},\"image\":{\"@id\":\"https:\/\/coplweb.ca\/en\/laboratories-and-infrastructures\/access-to-infrastructures\/#primaryimage\"},\"thumbnailUrl\":\"https:\/\/coplweb.ca\/wp-content\/uploads\/2023\/10\/ALLS-300x89.png\",\"datePublished\":\"2023-10-24T13:38:20+00:00\",\"dateModified\":\"2023-10-24T19:51:08+00:00\",\"breadcrumb\":{\"@id\":\"https:\/\/coplweb.ca\/en\/laboratories-and-infrastructures\/access-to-infrastructures\/#breadcrumb\"},\"inLanguage\":\"en-US\",\"potentialAction\":[{\"@type\":\"ReadAction\",\"target\":[\"https:\/\/coplweb.ca\/en\/laboratories-and-infrastructures\/access-to-infrastructures\/\"]}]},{\"@type\":\"ImageObject\",\"inLanguage\":\"en-US\",\"@id\":\"https:\/\/coplweb.ca\/en\/laboratories-and-infrastructures\/access-to-infrastructures\/#primaryimage\",\"url\":\"https:\/\/coplweb.ca\/wp-content\/uploads\/2023\/10\/ALLS-300x89.png\",\"contentUrl\":\"https:\/\/coplweb.ca\/wp-content\/uploads\/2023\/10\/ALLS-300x89.png\"},{\"@type\":\"BreadcrumbList\",\"@id\":\"https:\/\/coplweb.ca\/en\/laboratories-and-infrastructures\/access-to-infrastructures\/#breadcrumb\",\"itemListElement\":[{\"@type\":\"ListItem\",\"position\":1,\"name\":\"Accueil\",\"item\":\"https:\/\/coplweb.ca\/en\/\"},{\"@type\":\"ListItem\",\"position\":2,\"name\":\"Laboratories and infrastructures\",\"item\":\"https:\/\/coplweb.ca\/en\/laboratories-and-infrastructures\/\"},{\"@type\":\"ListItem\",\"position\":3,\"name\":\"Access to infrastructures\"}]},{\"@type\":\"WebSite\",\"@id\":\"https:\/\/coplweb.ca\/#website\",\"url\":\"https:\/\/coplweb.ca\/\",\"name\":\"COPL\",\"description\":\"Regroupement strat\u00e9gique des experts qu\u00e9b\u00e9cois de l&#039;optique et de la photonique\",\"publisher\":{\"@id\":\"https:\/\/coplweb.ca\/#organization\"},\"potentialAction\":[{\"@type\":\"SearchAction\",\"target\":{\"@type\":\"EntryPoint\",\"urlTemplate\":\"https:\/\/coplweb.ca\/?s={search_term_string}\"},\"query-input\":{\"@type\":\"PropertyValueSpecification\",\"valueRequired\":true,\"valueName\":\"search_term_string\"}}],\"inLanguage\":\"en-US\"},{\"@type\":\"Organization\",\"@id\":\"https:\/\/coplweb.ca\/#organization\",\"name\":\"COPL - Centre d'optique, photonique et lasers\",\"url\":\"https:\/\/coplweb.ca\/\",\"logo\":{\"@type\":\"ImageObject\",\"inLanguage\":\"en-US\",\"@id\":\"https:\/\/coplweb.ca\/#\/schema\/logo\/image\/\",\"url\":\"https:\/\/coplweb.ca\/wp-content\/uploads\/2022\/10\/cropped-COPL_Centre-d-optique-photonique-et-lasers_Logo-rouge.png\",\"contentUrl\":\"https:\/\/coplweb.ca\/wp-content\/uploads\/2022\/10\/cropped-COPL_Centre-d-optique-photonique-et-lasers_Logo-rouge.png\",\"width\":1068,\"height\":412,\"caption\":\"COPL - Centre d'optique, photonique et lasers\"},\"image\":{\"@id\":\"https:\/\/coplweb.ca\/#\/schema\/logo\/image\/\"}}]}<\/script>\r\n<!-- \/ Yoast SEO plugin. -->","yoast_head_json":{"title":"Access to infrastructures - COPL","robots":{"index":"index","follow":"follow","max-snippet":"max-snippet:-1","max-image-preview":"max-image-preview:large","max-video-preview":"max-video-preview:-1"},"canonical":"https:\/\/coplweb.ca\/en\/laboratories-and-infrastructures\/access-to-infrastructures\/","og_locale":"en_US","og_type":"article","og_title":"Access to infrastructures - COPL","og_description":"Explore the Advanced Laser Light Source Laboratory (ALLS) at INRS-EMT. ALLS houses Canada&#8217;s most powerful laser at 750 TW and high repetition rate laser systems to explore new phenomena in matter with ultrafast tools. A new access policy is now available to obtain beamtime! The current call for proposals closes on December 4, 2023. The ...","og_url":"https:\/\/coplweb.ca\/en\/laboratories-and-infrastructures\/access-to-infrastructures\/","og_site_name":"COPL","article_modified_time":"2023-10-24T19:51:08+00:00","og_image":[{"url":"https:\/\/coplweb.ca\/wp-content\/uploads\/2023\/10\/ALLS-300x89.png","type":"","width":"","height":""}],"twitter_card":"summary_large_image","schema":{"@context":"https:\/\/schema.org","@graph":[{"@type":"WebPage","@id":"https:\/\/coplweb.ca\/en\/laboratories-and-infrastructures\/access-to-infrastructures\/","url":"https:\/\/coplweb.ca\/en\/laboratories-and-infrastructures\/access-to-infrastructures\/","name":"Access to infrastructures - COPL","isPartOf":{"@id":"https:\/\/coplweb.ca\/#website"},"primaryImageOfPage":{"@id":"https:\/\/coplweb.ca\/en\/laboratories-and-infrastructures\/access-to-infrastructures\/#primaryimage"},"image":{"@id":"https:\/\/coplweb.ca\/en\/laboratories-and-infrastructures\/access-to-infrastructures\/#primaryimage"},"thumbnailUrl":"https:\/\/coplweb.ca\/wp-content\/uploads\/2023\/10\/ALLS-300x89.png","datePublished":"2023-10-24T13:38:20+00:00","dateModified":"2023-10-24T19:51:08+00:00","breadcrumb":{"@id":"https:\/\/coplweb.ca\/en\/laboratories-and-infrastructures\/access-to-infrastructures\/#breadcrumb"},"inLanguage":"en-US","potentialAction":[{"@type":"ReadAction","target":["https:\/\/coplweb.ca\/en\/laboratories-and-infrastructures\/access-to-infrastructures\/"]}]},{"@type":"ImageObject","inLanguage":"en-US","@id":"https:\/\/coplweb.ca\/en\/laboratories-and-infrastructures\/access-to-infrastructures\/#primaryimage","url":"https:\/\/coplweb.ca\/wp-content\/uploads\/2023\/10\/ALLS-300x89.png","contentUrl":"https:\/\/coplweb.ca\/wp-content\/uploads\/2023\/10\/ALLS-300x89.png"},{"@type":"BreadcrumbList","@id":"https:\/\/coplweb.ca\/en\/laboratories-and-infrastructures\/access-to-infrastructures\/#breadcrumb","itemListElement":[{"@type":"ListItem","position":1,"name":"Accueil","item":"https:\/\/coplweb.ca\/en\/"},{"@type":"ListItem","position":2,"name":"Laboratories and infrastructures","item":"https:\/\/coplweb.ca\/en\/laboratories-and-infrastructures\/"},{"@type":"ListItem","position":3,"name":"Access to infrastructures"}]},{"@type":"WebSite","@id":"https:\/\/coplweb.ca\/#website","url":"https:\/\/coplweb.ca\/","name":"COPL","description":"Regroupement strat\u00e9gique des experts qu\u00e9b\u00e9cois de l&#039;optique et de la photonique","publisher":{"@id":"https:\/\/coplweb.ca\/#organization"},"potentialAction":[{"@type":"SearchAction","target":{"@type":"EntryPoint","urlTemplate":"https:\/\/coplweb.ca\/?s={search_term_string}"},"query-input":{"@type":"PropertyValueSpecification","valueRequired":true,"valueName":"search_term_string"}}],"inLanguage":"en-US"},{"@type":"Organization","@id":"https:\/\/coplweb.ca\/#organization","name":"COPL - Centre d'optique, photonique et lasers","url":"https:\/\/coplweb.ca\/","logo":{"@type":"ImageObject","inLanguage":"en-US","@id":"https:\/\/coplweb.ca\/#\/schema\/logo\/image\/","url":"https:\/\/coplweb.ca\/wp-content\/uploads\/2022\/10\/cropped-COPL_Centre-d-optique-photonique-et-lasers_Logo-rouge.png","contentUrl":"https:\/\/coplweb.ca\/wp-content\/uploads\/2022\/10\/cropped-COPL_Centre-d-optique-photonique-et-lasers_Logo-rouge.png","width":1068,"height":412,"caption":"COPL - Centre d'optique, photonique et lasers"},"image":{"@id":"https:\/\/coplweb.ca\/#\/schema\/logo\/image\/"}}]}},"_links":{"self":[{"href":"https:\/\/coplweb.ca\/en\/wp-json\/wp\/v2\/pages\/3903","targetHints":{"allow":["GET"]}}],"collection":[{"href":"https:\/\/coplweb.ca\/en\/wp-json\/wp\/v2\/pages"}],"about":[{"href":"https:\/\/coplweb.ca\/en\/wp-json\/wp\/v2\/types\/page"}],"author":[{"embeddable":true,"href":"https:\/\/coplweb.ca\/en\/wp-json\/wp\/v2\/users\/8"}],"replies":[{"embeddable":true,"href":"https:\/\/coplweb.ca\/en\/wp-json\/wp\/v2\/comments?post=3903"}],"version-history":[{"count":3,"href":"https:\/\/coplweb.ca\/en\/wp-json\/wp\/v2\/pages\/3903\/revisions"}],"predecessor-version":[{"id":3906,"href":"https:\/\/coplweb.ca\/en\/wp-json\/wp\/v2\/pages\/3903\/revisions\/3906"}],"wp:attachment":[{"href":"https:\/\/coplweb.ca\/en\/wp-json\/wp\/v2\/media?parent=3903"}],"curies":[{"name":"wp","href":"https:\/\/api.w.org\/{rel}","templated":true}]}}