{"id":3409,"date":"2023-07-13T15:57:53","date_gmt":"2023-07-13T15:57:53","guid":{"rendered":"https:\/\/coplweb.ca\/?page_id=3409"},"modified":"2023-10-13T16:14:01","modified_gmt":"2023-10-13T16:14:01","slug":"online-training","status":"publish","type":"page","link":"https:\/\/coplweb.ca\/en\/online-training\/","title":{"rendered":"Online Training"},"content":{"rendered":"<p>COPL is guided by a principle of equal opportunity in graduate research training in science, technology, engineering and mathematics (STEM) disciplines. Since 2020, the cluster has been promoting access to knowledge through a financial support competition for the creation of online training courses available to as many people as possible in a peer learning mode.<\/p>\n<p>Here are a few examples of the training courses:<\/p>\n<p style=\"text-align: center;\"><span style=\"color: #000080;\"><strong>Course on the Basics of Photonics by Professor Tigran Galstian<\/strong><\/span><br \/>\nCapsule: <a href=\"https:\/\/ulavaldti-my.sharepoint.com\/personal\/lotab1_ulaval_ca\/_layouts\/15\/stream.aspx?id=%2Fpersonal%2Flotab1%5Fulaval%5Fca%2FDocuments%2FPersonnel%2FCours%2FThese%2FDepannage%2FMooc%2FPrep%2F01%5FChap1%20%2D%20Copy%2F01%5F01%5FChamp%20%C3%A9lectrique%20dans%20le%20temps%20et%20dans%20l%27espace%2F01%5F01%5FChamp%20%C3%A9lectrique%20dans%20le%20vide%20et%20dans%20l%27espace3%2Emp4&amp;ga=1\">Champ \u00e9lectrique dans le vide et dans l&#8217;espace<\/a><\/p>\n<p style=\"text-align: center;\"><span style=\"color: #000080;\"><strong>Remote Training in Integrated Photonic Sciences\u00a0<\/strong><\/span><\/p>\n<p><img loading=\"lazy\" decoding=\"async\" class=\" wp-image-3429 aligncenter\" src=\"https:\/\/coplweb.ca\/wp-content\/uploads\/2023\/07\/RTIPS-300x169.jpg\" alt=\"\" width=\"658\" height=\"371\" srcset=\"https:\/\/coplweb.ca\/wp-content\/uploads\/2023\/07\/RTIPS-300x169.jpg 300w, https:\/\/coplweb.ca\/wp-content\/uploads\/2023\/07\/RTIPS-1024x576.jpg 1024w, https:\/\/coplweb.ca\/wp-content\/uploads\/2023\/07\/RTIPS-768x432.jpg 768w, https:\/\/coplweb.ca\/wp-content\/uploads\/2023\/07\/RTIPS.jpg 1280w\" sizes=\"auto, (max-width: 658px) 100vw, 658px\" \/><\/p>\n<p><img loading=\"lazy\" decoding=\"async\" class=\"aligncenter wp-image-3427\" src=\"https:\/\/coplweb.ca\/wp-content\/uploads\/2023\/07\/Michel-Meunier-300x169.jpg\" alt=\"\" width=\"639\" height=\"360\" srcset=\"https:\/\/coplweb.ca\/wp-content\/uploads\/2023\/07\/Michel-Meunier-300x169.jpg 300w, https:\/\/coplweb.ca\/wp-content\/uploads\/2023\/07\/Michel-Meunier-1024x576.jpg 1024w, https:\/\/coplweb.ca\/wp-content\/uploads\/2023\/07\/Michel-Meunier-768x432.jpg 768w, https:\/\/coplweb.ca\/wp-content\/uploads\/2023\/07\/Michel-Meunier.jpg 1280w\" sizes=\"auto, (max-width: 639px) 100vw, 639px\" \/><\/p>\n<p style=\"text-align: center;\"><span style=\"color: #000080;\"><strong>Online Bilingual Training in Optical Communications<\/strong><\/span><\/p>\n<p><img loading=\"lazy\" decoding=\"async\" class=\"aligncenter wp-image-3425\" src=\"https:\/\/coplweb.ca\/wp-content\/uploads\/2023\/07\/Leslie-Rusch-300x169.jpg\" alt=\"\" width=\"614\" height=\"346\" srcset=\"https:\/\/coplweb.ca\/wp-content\/uploads\/2023\/07\/Leslie-Rusch-300x169.jpg 300w, https:\/\/coplweb.ca\/wp-content\/uploads\/2023\/07\/Leslie-Rusch-1024x576.jpg 1024w, https:\/\/coplweb.ca\/wp-content\/uploads\/2023\/07\/Leslie-Rusch-768x432.jpg 768w, https:\/\/coplweb.ca\/wp-content\/uploads\/2023\/07\/Leslie-Rusch.jpg 1280w\" sizes=\"auto, (max-width: 614px) 100vw, 614px\" \/><\/p>\n","protected":false},"excerpt":{"rendered":"<p>COPL is guided by a principle of equal opportunity in graduate research training in science, technology, engineering and mathematics (STEM) disciplines. Since 2020, the cluster has been promoting access to knowledge through a financial support competition for the creation of online training courses available to as many people as possible in a peer learning mode. &#8230; <a title=\"Online Training\" class=\"read-more\" href=\"https:\/\/coplweb.ca\/en\/online-training\/\" aria-label=\"Read more about Online Training\"> <\/a><\/p>\n","protected":false},"author":8,"featured_media":0,"parent":0,"menu_order":0,"comment_status":"closed","ping_status":"closed","template":"template-base.php","meta":{"_acf_changed":false,"footnotes":""},"class_list":["post-3409","page","type-page","status-publish"],"acf":[],"yoast_head":"<!-- This site is optimized with the Yoast SEO plugin v24.4 - https:\/\/yoast.com\/wordpress\/plugins\/seo\/ -->\r\n<title>Online Training - COPL<\/title>\r\n<meta name=\"robots\" content=\"index, follow, max-snippet:-1, max-image-preview:large, max-video-preview:-1\" \/>\r\n<link rel=\"canonical\" href=\"https:\/\/coplweb.ca\/en\/online-training\/\" \/>\r\n<meta property=\"og:locale\" content=\"en_US\" \/>\r\n<meta property=\"og:type\" content=\"article\" \/>\r\n<meta property=\"og:title\" content=\"Online Training - COPL\" \/>\r\n<meta property=\"og:description\" content=\"COPL is guided by a principle of equal opportunity in graduate research training in science, technology, engineering and mathematics (STEM) disciplines. Since 2020, the cluster has been promoting access to knowledge through a financial support competition for the creation of online training courses available to as many people as possible in a peer learning mode. ...\" \/>\r\n<meta property=\"og:url\" content=\"https:\/\/coplweb.ca\/en\/online-training\/\" \/>\r\n<meta property=\"og:site_name\" content=\"COPL\" \/>\r\n<meta property=\"article:modified_time\" content=\"2023-10-13T16:14:01+00:00\" \/>\r\n<meta property=\"og:image\" content=\"https:\/\/coplweb.ca\/wp-content\/uploads\/2023\/07\/RTIPS-300x169.jpg\" \/>\r\n<meta name=\"twitter:card\" content=\"summary_large_image\" \/>\r\n<script type=\"application\/ld+json\" class=\"yoast-schema-graph\">{\"@context\":\"https:\/\/schema.org\",\"@graph\":[{\"@type\":\"WebPage\",\"@id\":\"https:\/\/coplweb.ca\/en\/online-training\/\",\"url\":\"https:\/\/coplweb.ca\/en\/online-training\/\",\"name\":\"Online Training - COPL\",\"isPartOf\":{\"@id\":\"https:\/\/coplweb.ca\/#website\"},\"primaryImageOfPage\":{\"@id\":\"https:\/\/coplweb.ca\/en\/online-training\/#primaryimage\"},\"image\":{\"@id\":\"https:\/\/coplweb.ca\/en\/online-training\/#primaryimage\"},\"thumbnailUrl\":\"https:\/\/coplweb.ca\/wp-content\/uploads\/2023\/07\/RTIPS-300x169.jpg\",\"datePublished\":\"2023-07-13T15:57:53+00:00\",\"dateModified\":\"2023-10-13T16:14:01+00:00\",\"breadcrumb\":{\"@id\":\"https:\/\/coplweb.ca\/en\/online-training\/#breadcrumb\"},\"inLanguage\":\"en-US\",\"potentialAction\":[{\"@type\":\"ReadAction\",\"target\":[\"https:\/\/coplweb.ca\/en\/online-training\/\"]}]},{\"@type\":\"ImageObject\",\"inLanguage\":\"en-US\",\"@id\":\"https:\/\/coplweb.ca\/en\/online-training\/#primaryimage\",\"url\":\"https:\/\/coplweb.ca\/wp-content\/uploads\/2023\/07\/RTIPS-300x169.jpg\",\"contentUrl\":\"https:\/\/coplweb.ca\/wp-content\/uploads\/2023\/07\/RTIPS-300x169.jpg\"},{\"@type\":\"BreadcrumbList\",\"@id\":\"https:\/\/coplweb.ca\/en\/online-training\/#breadcrumb\",\"itemListElement\":[{\"@type\":\"ListItem\",\"position\":1,\"name\":\"Accueil\",\"item\":\"https:\/\/coplweb.ca\/en\/\"},{\"@type\":\"ListItem\",\"position\":2,\"name\":\"Online Training\"}]},{\"@type\":\"WebSite\",\"@id\":\"https:\/\/coplweb.ca\/#website\",\"url\":\"https:\/\/coplweb.ca\/\",\"name\":\"COPL\",\"description\":\"Regroupement strat\u00e9gique des experts qu\u00e9b\u00e9cois de l&#039;optique et de la photonique\",\"publisher\":{\"@id\":\"https:\/\/coplweb.ca\/#organization\"},\"potentialAction\":[{\"@type\":\"SearchAction\",\"target\":{\"@type\":\"EntryPoint\",\"urlTemplate\":\"https:\/\/coplweb.ca\/?s={search_term_string}\"},\"query-input\":{\"@type\":\"PropertyValueSpecification\",\"valueRequired\":true,\"valueName\":\"search_term_string\"}}],\"inLanguage\":\"en-US\"},{\"@type\":\"Organization\",\"@id\":\"https:\/\/coplweb.ca\/#organization\",\"name\":\"COPL - Centre d'optique, photonique et lasers\",\"url\":\"https:\/\/coplweb.ca\/\",\"logo\":{\"@type\":\"ImageObject\",\"inLanguage\":\"en-US\",\"@id\":\"https:\/\/coplweb.ca\/#\/schema\/logo\/image\/\",\"url\":\"https:\/\/coplweb.ca\/wp-content\/uploads\/2022\/10\/cropped-COPL_Centre-d-optique-photonique-et-lasers_Logo-rouge.png\",\"contentUrl\":\"https:\/\/coplweb.ca\/wp-content\/uploads\/2022\/10\/cropped-COPL_Centre-d-optique-photonique-et-lasers_Logo-rouge.png\",\"width\":1068,\"height\":412,\"caption\":\"COPL - Centre d'optique, photonique et lasers\"},\"image\":{\"@id\":\"https:\/\/coplweb.ca\/#\/schema\/logo\/image\/\"}}]}<\/script>\r\n<!-- \/ Yoast SEO plugin. -->","yoast_head_json":{"title":"Online Training - COPL","robots":{"index":"index","follow":"follow","max-snippet":"max-snippet:-1","max-image-preview":"max-image-preview:large","max-video-preview":"max-video-preview:-1"},"canonical":"https:\/\/coplweb.ca\/en\/online-training\/","og_locale":"en_US","og_type":"article","og_title":"Online Training - COPL","og_description":"COPL is guided by a principle of equal opportunity in graduate research training in science, technology, engineering and mathematics (STEM) disciplines. Since 2020, the cluster has been promoting access to knowledge through a financial support competition for the creation of online training courses available to as many people as possible in a peer learning mode. ...","og_url":"https:\/\/coplweb.ca\/en\/online-training\/","og_site_name":"COPL","article_modified_time":"2023-10-13T16:14:01+00:00","og_image":[{"url":"https:\/\/coplweb.ca\/wp-content\/uploads\/2023\/07\/RTIPS-300x169.jpg","type":"","width":"","height":""}],"twitter_card":"summary_large_image","schema":{"@context":"https:\/\/schema.org","@graph":[{"@type":"WebPage","@id":"https:\/\/coplweb.ca\/en\/online-training\/","url":"https:\/\/coplweb.ca\/en\/online-training\/","name":"Online Training - COPL","isPartOf":{"@id":"https:\/\/coplweb.ca\/#website"},"primaryImageOfPage":{"@id":"https:\/\/coplweb.ca\/en\/online-training\/#primaryimage"},"image":{"@id":"https:\/\/coplweb.ca\/en\/online-training\/#primaryimage"},"thumbnailUrl":"https:\/\/coplweb.ca\/wp-content\/uploads\/2023\/07\/RTIPS-300x169.jpg","datePublished":"2023-07-13T15:57:53+00:00","dateModified":"2023-10-13T16:14:01+00:00","breadcrumb":{"@id":"https:\/\/coplweb.ca\/en\/online-training\/#breadcrumb"},"inLanguage":"en-US","potentialAction":[{"@type":"ReadAction","target":["https:\/\/coplweb.ca\/en\/online-training\/"]}]},{"@type":"ImageObject","inLanguage":"en-US","@id":"https:\/\/coplweb.ca\/en\/online-training\/#primaryimage","url":"https:\/\/coplweb.ca\/wp-content\/uploads\/2023\/07\/RTIPS-300x169.jpg","contentUrl":"https:\/\/coplweb.ca\/wp-content\/uploads\/2023\/07\/RTIPS-300x169.jpg"},{"@type":"BreadcrumbList","@id":"https:\/\/coplweb.ca\/en\/online-training\/#breadcrumb","itemListElement":[{"@type":"ListItem","position":1,"name":"Accueil","item":"https:\/\/coplweb.ca\/en\/"},{"@type":"ListItem","position":2,"name":"Online Training"}]},{"@type":"WebSite","@id":"https:\/\/coplweb.ca\/#website","url":"https:\/\/coplweb.ca\/","name":"COPL","description":"Regroupement strat\u00e9gique des experts qu\u00e9b\u00e9cois de l&#039;optique et de la photonique","publisher":{"@id":"https:\/\/coplweb.ca\/#organization"},"potentialAction":[{"@type":"SearchAction","target":{"@type":"EntryPoint","urlTemplate":"https:\/\/coplweb.ca\/?s={search_term_string}"},"query-input":{"@type":"PropertyValueSpecification","valueRequired":true,"valueName":"search_term_string"}}],"inLanguage":"en-US"},{"@type":"Organization","@id":"https:\/\/coplweb.ca\/#organization","name":"COPL - Centre d'optique, photonique et lasers","url":"https:\/\/coplweb.ca\/","logo":{"@type":"ImageObject","inLanguage":"en-US","@id":"https:\/\/coplweb.ca\/#\/schema\/logo\/image\/","url":"https:\/\/coplweb.ca\/wp-content\/uploads\/2022\/10\/cropped-COPL_Centre-d-optique-photonique-et-lasers_Logo-rouge.png","contentUrl":"https:\/\/coplweb.ca\/wp-content\/uploads\/2022\/10\/cropped-COPL_Centre-d-optique-photonique-et-lasers_Logo-rouge.png","width":1068,"height":412,"caption":"COPL - Centre d'optique, photonique et lasers"},"image":{"@id":"https:\/\/coplweb.ca\/#\/schema\/logo\/image\/"}}]}},"_links":{"self":[{"href":"https:\/\/coplweb.ca\/en\/wp-json\/wp\/v2\/pages\/3409","targetHints":{"allow":["GET"]}}],"collection":[{"href":"https:\/\/coplweb.ca\/en\/wp-json\/wp\/v2\/pages"}],"about":[{"href":"https:\/\/coplweb.ca\/en\/wp-json\/wp\/v2\/types\/page"}],"author":[{"embeddable":true,"href":"https:\/\/coplweb.ca\/en\/wp-json\/wp\/v2\/users\/8"}],"replies":[{"embeddable":true,"href":"https:\/\/coplweb.ca\/en\/wp-json\/wp\/v2\/comments?post=3409"}],"version-history":[{"count":14,"href":"https:\/\/coplweb.ca\/en\/wp-json\/wp\/v2\/pages\/3409\/revisions"}],"predecessor-version":[{"id":3885,"href":"https:\/\/coplweb.ca\/en\/wp-json\/wp\/v2\/pages\/3409\/revisions\/3885"}],"wp:attachment":[{"href":"https:\/\/coplweb.ca\/en\/wp-json\/wp\/v2\/media?parent=3409"}],"curies":[{"name":"wp","href":"https:\/\/api.w.org\/{rel}","templated":true}]}}