{"id":1406,"date":"2022-02-25T21:00:38","date_gmt":"2022-02-25T21:00:38","guid":{"rendered":"https:\/\/coplweb.ca\/using-the-brand-image\/"},"modified":"2023-11-15T12:59:23","modified_gmt":"2023-11-15T12:59:23","slug":"using-the-brand-image","status":"publish","type":"page","link":"https:\/\/coplweb.ca\/en\/using-the-brand-image\/","title":{"rendered":"Logos and templates"},"content":{"rendered":"<h2><span style=\"color: #000080;\">Logos and templates<\/span><\/h2>\n<p>Below, for COPL members, here are tools that may be useful for the preparation of presentations and posters.<\/p>\n<p><a href=\"https:\/\/coplweb.ca\/wp-content\/uploads\/2022\/10\/COPL-complet-1.jpg\">COPL logo in JPG format<\/a><\/p>\n<p><a href=\"https:\/\/coplweb.ca\/wp-content\/uploads\/2022\/10\/COPL-complet.png\">COPL logo in PNG format<\/a><\/p>\n<p><a href=\"https:\/\/coplweb.ca\/wp-content\/uploads\/2022\/10\/COPL-sigle.jpg\">COPL logo &#8211; acronym<\/a><\/p>\n<p><a href=\"https:\/\/coplweb.ca\/wp-content\/uploads\/2022\/10\/COPL-complet-noir.jpg\">COPL Logo &#8211; Black background JPG Format<\/a><\/p>\n<p><a href=\"https:\/\/coplweb.ca\/wp-content\/uploads\/2022\/10\/COPL-complet-noir.png\">COPL Logo &#8211; Black background PNG Format<\/a><\/p>\n<p><a href=\"https:\/\/coplweb.ca\/wp-content\/uploads\/2022\/10\/COPL-2022_Gabarit.pptx\">Presentation template &#8211; title page and\u00a0content<\/a><\/p>\n<p><a href=\"https:\/\/coplweb.ca\/wp-content\/uploads\/2022\/10\/COPL-2022_Gabarit.pdf\">Presentation template<\/a> (PDF Format)<\/p>\n<p class=\"bodytext\">\n","protected":false},"excerpt":{"rendered":"<p>Logos and templates Below, for COPL members, here are tools that may be useful for the preparation of presentations and posters. COPL logo in JPG format COPL logo in PNG format COPL logo &#8211; acronym COPL Logo &#8211; Black background JPG Format COPL Logo &#8211; Black background PNG Format Presentation template &#8211; title page and\u00a0content &#8230; <a title=\"Logos and templates\" class=\"read-more\" href=\"https:\/\/coplweb.ca\/en\/using-the-brand-image\/\" aria-label=\"Read more about Logos and templates\"> <\/a><\/p>\n","protected":false},"author":1,"featured_media":0,"parent":0,"menu_order":13,"comment_status":"closed","ping_status":"closed","template":"template-base.php","meta":{"_acf_changed":false,"footnotes":""},"class_list":["post-1406","page","type-page","status-publish"],"acf":[],"yoast_head":"<!-- This site is optimized with the Yoast SEO plugin v24.4 - https:\/\/yoast.com\/wordpress\/plugins\/seo\/ -->\r\n<title>Logos and templates - COPL<\/title>\r\n<meta name=\"robots\" content=\"index, follow, max-snippet:-1, max-image-preview:large, max-video-preview:-1\" \/>\r\n<link rel=\"canonical\" href=\"https:\/\/coplweb.ca\/en\/using-the-brand-image\/\" \/>\r\n<meta property=\"og:locale\" content=\"en_US\" \/>\r\n<meta property=\"og:type\" content=\"article\" \/>\r\n<meta property=\"og:title\" content=\"Logos and templates - COPL\" \/>\r\n<meta property=\"og:description\" content=\"Logos and templates Below, for COPL members, here are tools that may be useful for the preparation of presentations and posters. COPL logo in JPG format COPL logo in PNG format COPL logo &#8211; acronym COPL Logo &#8211; Black background JPG Format COPL Logo &#8211; Black background PNG Format Presentation template &#8211; title page and\u00a0content ...\" \/>\r\n<meta property=\"og:url\" content=\"https:\/\/coplweb.ca\/en\/using-the-brand-image\/\" \/>\r\n<meta property=\"og:site_name\" content=\"COPL\" \/>\r\n<meta property=\"article:modified_time\" content=\"2023-11-15T12:59:23+00:00\" \/>\r\n<meta name=\"twitter:card\" content=\"summary_large_image\" \/>\r\n<script type=\"application\/ld+json\" class=\"yoast-schema-graph\">{\"@context\":\"https:\/\/schema.org\",\"@graph\":[{\"@type\":\"WebPage\",\"@id\":\"https:\/\/coplweb.ca\/en\/using-the-brand-image\/\",\"url\":\"https:\/\/coplweb.ca\/en\/using-the-brand-image\/\",\"name\":\"Logos and templates - COPL\",\"isPartOf\":{\"@id\":\"https:\/\/coplweb.ca\/#website\"},\"datePublished\":\"2022-02-25T21:00:38+00:00\",\"dateModified\":\"2023-11-15T12:59:23+00:00\",\"breadcrumb\":{\"@id\":\"https:\/\/coplweb.ca\/en\/using-the-brand-image\/#breadcrumb\"},\"inLanguage\":\"en-US\",\"potentialAction\":[{\"@type\":\"ReadAction\",\"target\":[\"https:\/\/coplweb.ca\/en\/using-the-brand-image\/\"]}]},{\"@type\":\"BreadcrumbList\",\"@id\":\"https:\/\/coplweb.ca\/en\/using-the-brand-image\/#breadcrumb\",\"itemListElement\":[{\"@type\":\"ListItem\",\"position\":1,\"name\":\"Accueil\",\"item\":\"https:\/\/coplweb.ca\/en\/\"},{\"@type\":\"ListItem\",\"position\":2,\"name\":\"Logos and templates\"}]},{\"@type\":\"WebSite\",\"@id\":\"https:\/\/coplweb.ca\/#website\",\"url\":\"https:\/\/coplweb.ca\/\",\"name\":\"COPL\",\"description\":\"Regroupement strat\u00e9gique des experts qu\u00e9b\u00e9cois de l&#039;optique et de la photonique\",\"publisher\":{\"@id\":\"https:\/\/coplweb.ca\/#organization\"},\"potentialAction\":[{\"@type\":\"SearchAction\",\"target\":{\"@type\":\"EntryPoint\",\"urlTemplate\":\"https:\/\/coplweb.ca\/?s={search_term_string}\"},\"query-input\":{\"@type\":\"PropertyValueSpecification\",\"valueRequired\":true,\"valueName\":\"search_term_string\"}}],\"inLanguage\":\"en-US\"},{\"@type\":\"Organization\",\"@id\":\"https:\/\/coplweb.ca\/#organization\",\"name\":\"COPL - Centre d'optique, photonique et lasers\",\"url\":\"https:\/\/coplweb.ca\/\",\"logo\":{\"@type\":\"ImageObject\",\"inLanguage\":\"en-US\",\"@id\":\"https:\/\/coplweb.ca\/#\/schema\/logo\/image\/\",\"url\":\"https:\/\/coplweb.ca\/wp-content\/uploads\/2022\/10\/cropped-COPL_Centre-d-optique-photonique-et-lasers_Logo-rouge.png\",\"contentUrl\":\"https:\/\/coplweb.ca\/wp-content\/uploads\/2022\/10\/cropped-COPL_Centre-d-optique-photonique-et-lasers_Logo-rouge.png\",\"width\":1068,\"height\":412,\"caption\":\"COPL - Centre d'optique, photonique et lasers\"},\"image\":{\"@id\":\"https:\/\/coplweb.ca\/#\/schema\/logo\/image\/\"}}]}<\/script>\r\n<!-- \/ Yoast SEO plugin. -->","yoast_head_json":{"title":"Logos and templates - COPL","robots":{"index":"index","follow":"follow","max-snippet":"max-snippet:-1","max-image-preview":"max-image-preview:large","max-video-preview":"max-video-preview:-1"},"canonical":"https:\/\/coplweb.ca\/en\/using-the-brand-image\/","og_locale":"en_US","og_type":"article","og_title":"Logos and templates - COPL","og_description":"Logos and templates Below, for COPL members, here are tools that may be useful for the preparation of presentations and posters. COPL logo in JPG format COPL logo in PNG format COPL logo &#8211; acronym COPL Logo &#8211; Black background JPG Format COPL Logo &#8211; Black background PNG Format Presentation template &#8211; title page and\u00a0content ...","og_url":"https:\/\/coplweb.ca\/en\/using-the-brand-image\/","og_site_name":"COPL","article_modified_time":"2023-11-15T12:59:23+00:00","twitter_card":"summary_large_image","schema":{"@context":"https:\/\/schema.org","@graph":[{"@type":"WebPage","@id":"https:\/\/coplweb.ca\/en\/using-the-brand-image\/","url":"https:\/\/coplweb.ca\/en\/using-the-brand-image\/","name":"Logos and templates - COPL","isPartOf":{"@id":"https:\/\/coplweb.ca\/#website"},"datePublished":"2022-02-25T21:00:38+00:00","dateModified":"2023-11-15T12:59:23+00:00","breadcrumb":{"@id":"https:\/\/coplweb.ca\/en\/using-the-brand-image\/#breadcrumb"},"inLanguage":"en-US","potentialAction":[{"@type":"ReadAction","target":["https:\/\/coplweb.ca\/en\/using-the-brand-image\/"]}]},{"@type":"BreadcrumbList","@id":"https:\/\/coplweb.ca\/en\/using-the-brand-image\/#breadcrumb","itemListElement":[{"@type":"ListItem","position":1,"name":"Accueil","item":"https:\/\/coplweb.ca\/en\/"},{"@type":"ListItem","position":2,"name":"Logos and templates"}]},{"@type":"WebSite","@id":"https:\/\/coplweb.ca\/#website","url":"https:\/\/coplweb.ca\/","name":"COPL","description":"Regroupement strat\u00e9gique des experts qu\u00e9b\u00e9cois de l&#039;optique et de la photonique","publisher":{"@id":"https:\/\/coplweb.ca\/#organization"},"potentialAction":[{"@type":"SearchAction","target":{"@type":"EntryPoint","urlTemplate":"https:\/\/coplweb.ca\/?s={search_term_string}"},"query-input":{"@type":"PropertyValueSpecification","valueRequired":true,"valueName":"search_term_string"}}],"inLanguage":"en-US"},{"@type":"Organization","@id":"https:\/\/coplweb.ca\/#organization","name":"COPL - Centre d'optique, photonique et lasers","url":"https:\/\/coplweb.ca\/","logo":{"@type":"ImageObject","inLanguage":"en-US","@id":"https:\/\/coplweb.ca\/#\/schema\/logo\/image\/","url":"https:\/\/coplweb.ca\/wp-content\/uploads\/2022\/10\/cropped-COPL_Centre-d-optique-photonique-et-lasers_Logo-rouge.png","contentUrl":"https:\/\/coplweb.ca\/wp-content\/uploads\/2022\/10\/cropped-COPL_Centre-d-optique-photonique-et-lasers_Logo-rouge.png","width":1068,"height":412,"caption":"COPL - Centre d'optique, photonique et lasers"},"image":{"@id":"https:\/\/coplweb.ca\/#\/schema\/logo\/image\/"}}]}},"_links":{"self":[{"href":"https:\/\/coplweb.ca\/en\/wp-json\/wp\/v2\/pages\/1406","targetHints":{"allow":["GET"]}}],"collection":[{"href":"https:\/\/coplweb.ca\/en\/wp-json\/wp\/v2\/pages"}],"about":[{"href":"https:\/\/coplweb.ca\/en\/wp-json\/wp\/v2\/types\/page"}],"author":[{"embeddable":true,"href":"https:\/\/coplweb.ca\/en\/wp-json\/wp\/v2\/users\/1"}],"replies":[{"embeddable":true,"href":"https:\/\/coplweb.ca\/en\/wp-json\/wp\/v2\/comments?post=1406"}],"version-history":[{"count":12,"href":"https:\/\/coplweb.ca\/en\/wp-json\/wp\/v2\/pages\/1406\/revisions"}],"predecessor-version":[{"id":4306,"href":"https:\/\/coplweb.ca\/en\/wp-json\/wp\/v2\/pages\/1406\/revisions\/4306"}],"wp:attachment":[{"href":"https:\/\/coplweb.ca\/en\/wp-json\/wp\/v2\/media?parent=1406"}],"curies":[{"name":"wp","href":"https:\/\/api.w.org\/{rel}","templated":true}]}}