{"id":1403,"date":"2021-09-09T17:30:05","date_gmt":"2021-09-09T17:30:05","guid":{"rendered":"https:\/\/coplweb.ca\/useful-information\/"},"modified":"2023-09-27T19:12:25","modified_gmt":"2023-09-27T19:12:25","slug":"useful-information","status":"publish","type":"page","link":"https:\/\/coplweb.ca\/en\/useful-information\/","title":{"rendered":"Useful information"},"content":{"rendered":"<p><strong>We present below a brief overview of our partner institutions, together with useful links for further consideration.<\/strong><\/p>\n<hr \/>\n<h3><b>Concordia University<\/b><\/h3>\n<p><em><span style=\"font-weight: 400;\">Montreal<\/span><\/em><\/p>\n<p><span style=\"font-weight: 400;\">Located in the heart of Montreal, Concordia University is a welcoming place where a commitment to innovation and excellence in teaching, research, creation and community partnerships is a top priority. Concordia dares to be different and draws on its diversity to transform and strengthen society and enrich the world. The institution has 50,000 students. All instruction is in English.<\/span><\/p>\n<p><span style=\"font-weight: 400;\">Information on graduate studies :\u00a0:<\/span><a href=\"https:\/\/www.concordia.ca\/admissions\/graduate.html\" target=\"_blank\" rel=\"noopener\"><br \/>\n<span style=\"font-weight: 400;\">https:\/\/www.concordia.ca\/admissions\/graduate.html<\/span><\/a><span style=\"font-weight: 400;\">\u00a0<\/span><\/p>\n<p><a href=\"https:\/\/www.concordia.ca\/\" target=\"_blank\" rel=\"noopener\"><strong>Visit Concordia University\u2019s website &gt;<\/strong><\/a><\/p>\n<hr \/>\n<h3><b>Polytechnique Montr\u00e9al<\/b><\/h3>\n<p><em><span style=\"font-weight: 400;\">Montreal<\/span><\/em><\/p>\n<p><span style=\"font-weight: 400;\">\u00c9cole Polytechnique de Montr\u00e9al is one of the largest engineering schools in Canada and remains the first in Quebec in terms of the number of students and the size of its research budgets. Polytechnique provides quality engineering education at all levels with an emphasis on human values and a focus on the needs of industry and society. The main language of instruction is French.<\/span><\/p>\n<p>Information on graduate studies:<br \/>\n<a href=\"https:\/\/www.polymtl.ca\/futur-etudes-superieures\/recherche\/directeur\" target=\"_blank\" rel=\"noopener\"><span style=\"font-weight: 400;\">https:\/\/www.polymtl.ca\/futur\/en\/es\/research\/supervisor<\/span><\/a><\/p>\n<p><a href=\"https:\/\/www.polymtl.ca\/\" target=\"_blank\" rel=\"noopener\"><strong>Visit \u00c9cole Polytechnique de Montr\u00e9al\u2019s website &gt;<\/strong><\/a><\/p>\n<hr \/>\n<h3><b>\u00c9cole de technologie sup\u00e9rieure (\u00c9TS)<\/b><\/h3>\n<p><em><span style=\"font-weight: 400;\">Montreal<\/span><\/em><\/p>\n<p><span style=\"font-weight: 400;\">The \u00c9cole de technologie sup\u00e9rieure (\u00c9TS) trains engineers. Since its creation in 1974, \u00c9TS has maintained close ties with industry. Through partnerships with companies of all sizes, \u00c9TS is able to offer graduate programs based on the needs of companies and the professionals who work for them. In fact, many Master&#8217;s and doctoral projects can be carried out in collaboration with an external partner. \u00c9TS graduate programs are also intended for future researchers who wish to learn about the research and development process and contribute to the advancement of scientific and technological knowledge. They also meet the needs of working professionals who want to deepen their knowledge. The language of instruction is French.<\/span><\/p>\n<p>Information on graduate studies<span style=\"font-weight: 400;\">:<\/span><br \/>\n<a href=\"https:\/\/www.etsmtl.ca\/etudes\/guichet-cycles-superieurs\" target=\"_blank\" rel=\"noopener\">https:\/\/www.etsmtl.ca\/en\/studies\/Graduate-Studies-Hub<\/a><\/p>\n<p><a href=\"https:\/\/www.etsmtl.ca\/\"><strong>Visit \u00c9cole de technologie sup\u00e9rieur\u2019s website &gt;<\/strong><\/a><\/p>\n<hr \/>\n<h3><b>Institut national de la recherche scientifique (INRS)<\/b><\/h3>\n<p><em>Headquartered in Quebec City<\/em><br \/>\n<em>Centre \u00c9nergie Mat\u00e9riaux T\u00e9l\u00e9communications located in Varennes and Montreal<\/em><\/p>\n<p>The Institut national de la recherche scientifique (INRS) is dedicated exclusively to graduate level research and training. Since its creation in 1969, INRS has focussed on interdisciplinarity, innovation and excellence. INRS is composed of four thematic and interdisciplinary research and training centers: Water, Earth and Environment; Urbanization, Culture and Society; Health and Biotechnology; and Energy, Materials and Telecommunications. It is in this last center where optics-photonics research is located.<\/p>\n<p>Information on graduate studies<span style=\"font-weight: 400;\">:<\/span><a href=\"https:\/\/inrs.ca\/les-etudes\/projets-de-maitrise-et-de-doctorat\/\" target=\"_blank\" rel=\"noopener\"><br \/>\n<span style=\"font-weight: 400;\">https:\/\/inrs.ca\/en\/studies\/masters-and-phd-projects\/<\/span><\/a><\/p>\n<p><a href=\"https:\/\/inrs.ca\/centres\/linrs\/centres-recherche\/centre-energie-materiaux-telecommunications\/\"><strong>Visit the INRS website &gt; <\/strong><\/a><\/p>\n<hr \/>\n<h3><b>Universit\u00e9 de Sherbrooke<\/b><\/h3>\n<p><em><span style=\"font-weight: 400;\">Sherbrooke<\/span><\/em><\/p>\n<p><span style=\"font-weight: 400;\">The Universit\u00e9 de Sherbrooke stands out for the strong growth of its research activities, its successful technology transfers, and its initiatives in entrepreneurship and innovation offered in collaboration with the industrial and social communities. It has 31,000 students and offers instruction in French.<br \/>\nInformation on Master\u2019s studies (in French):<\/span><span style=\"font-weight: 400;\"><br \/>\n<\/span><a href=\"https:\/\/www.usherbrooke.ca\/admission\/2e-3e-cycles\/types-maitrises\/maitrise-recherche#acc-748-396\" target=\"_blank\" rel=\"noopener\"><span style=\"font-weight: 400;\">https:\/\/www.usherbrooke.ca\/admission\/2e-3e-cycles\/types-maitrises\/maitrise-recherche#acc-748-396<\/span><\/a><\/p>\n<p>Information on PhD studies (in French):<br \/>\n<a href=\"https:\/\/www.usherbrooke.ca\/admission\/2e-3e-cycles\/trouver-programme-3e-cycle\" target=\"_blank\" rel=\"noopener\"><span style=\"font-weight: 400;\">https:\/\/www.usherbrooke.ca\/admission\/2e-3e-cycles\/trouver-programme-3e-cycle<\/span><\/a><\/p>\n<p><a href=\"https:\/\/www.usherbrooke.ca\/\" target=\"_blank\" rel=\"noopener\"><strong>Visit the Universit\u00e9 de Sherbrooke\u2019s website &gt;<\/strong><\/a><\/p>\n<hr \/>\n<h3><b>Universit\u00e9 Laval<\/b><\/h3>\n<p><em><span style=\"font-weight: 400;\">Quebec city<\/span><\/em><\/p>\n<p><span style=\"font-weight: 400;\">Universit\u00e9 Laval has been training specialists in optics-photonics for nearly 60 years. It has a critical mass of professor-researchers whose expertise covers all facets of the discipline. Laval is also home to the only building entirely dedicated to university research in optics in Canada. This infrastructure is also equipped with state-of-the-art laboratories. A team of experienced technicians supervises the research activities of some 150 Master&#8217;s and PhD students. Universit\u00e9 Laval offers an incomparable training experience whose reputation extends beyond the borders of Quebec and Canada. It ranks 7th among the largest research universities in Canada. The language of instruction is French. However, with the agreement of their research supervisor, students may choose to perform their work in English.<\/span><\/p>\n<p><span style=\"font-weight: 400;\">Information on graduate studies:<\/span><br \/>\n<a href=\"https:\/\/www.fesp.ulaval.ca\/en\/graduate-studies\">https:\/\/www.fesp.ulaval.ca\/en\/graduate-studies<\/a><\/p>\n<p><a href=\"https:\/\/www.ulaval.ca\/\" target=\"_blank\" rel=\"noopener\"><strong>Visit Universit\u00e9 Laval\u2018s website &gt;<\/strong><\/a><\/p>\n<hr \/>\n<h3><b>Universit\u00e9 McGill<\/b><\/h3>\n<p><em><span style=\"font-weight: 400;\">Montreal<\/span><\/em><\/p>\n<p><span style=\"font-weight: 400;\">McGill University is one of Canada&#8217;s most prestigious institutions of higher learning and one of the world&#8217;s great universities. With students from more than 150 countries, it is the most international of Canada&#8217;s research-intensive universities. The language of instruction is English.<\/span><\/p>\n<p>Information on graduate studies:<a href=\"https:\/\/www.mcgill.ca\/gradapplicants\/\" target=\"_blank\" rel=\"noopener\"><br \/>\n<span style=\"font-weight: 400;\">https:\/\/www.mcgill.ca\/gradapplicants\/<\/span><\/a><\/p>\n<p><a href=\"https:\/\/www.mcgill.ca\/\" target=\"_blank\" rel=\"noopener\"><strong>Visit McGill University\u2019s website &gt;<\/strong><\/a><\/p>\n<hr \/>\n<h3>Universit\u00e9 du Qu\u00e9bec \u00e0 Trois-Rivi\u00e8res<\/h3>\n<p>Coming up<\/p>\n","protected":false},"excerpt":{"rendered":"<p>We present below a brief overview of our partner institutions, together with useful links for further consideration. Concordia University Montreal Located in the heart of Montreal, Concordia University is a welcoming place where a commitment to innovation and excellence in teaching, research, creation and community partnerships is a top priority. Concordia dares to be different &#8230; <a title=\"Useful information\" class=\"read-more\" href=\"https:\/\/coplweb.ca\/en\/useful-information\/\" aria-label=\"Read more about Useful information\"> <\/a><\/p>\n","protected":false},"author":1,"featured_media":0,"parent":0,"menu_order":8,"comment_status":"closed","ping_status":"closed","template":"template-base.php","meta":{"_acf_changed":false,"footnotes":""},"class_list":["post-1403","page","type-page","status-publish"],"acf":[],"yoast_head":"<!-- This site is optimized with the Yoast SEO plugin v24.4 - https:\/\/yoast.com\/wordpress\/plugins\/seo\/ -->\r\n<title>Useful information - COPL<\/title>\r\n<meta name=\"robots\" content=\"index, follow, max-snippet:-1, max-image-preview:large, max-video-preview:-1\" \/>\r\n<link rel=\"canonical\" href=\"https:\/\/coplweb.ca\/en\/useful-information\/\" \/>\r\n<meta property=\"og:locale\" content=\"en_US\" \/>\r\n<meta property=\"og:type\" content=\"article\" \/>\r\n<meta property=\"og:title\" content=\"Useful information - COPL\" \/>\r\n<meta property=\"og:description\" content=\"We present below a brief overview of our partner institutions, together with useful links for further consideration. Concordia University Montreal Located in the heart of Montreal, Concordia University is a welcoming place where a commitment to innovation and excellence in teaching, research, creation and community partnerships is a top priority. Concordia dares to be different ...\" \/>\r\n<meta property=\"og:url\" content=\"https:\/\/coplweb.ca\/en\/useful-information\/\" \/>\r\n<meta property=\"og:site_name\" content=\"COPL\" \/>\r\n<meta property=\"article:modified_time\" content=\"2023-09-27T19:12:25+00:00\" \/>\r\n<meta name=\"twitter:card\" content=\"summary_large_image\" \/>\r\n<script type=\"application\/ld+json\" class=\"yoast-schema-graph\">{\"@context\":\"https:\/\/schema.org\",\"@graph\":[{\"@type\":\"WebPage\",\"@id\":\"https:\/\/coplweb.ca\/en\/useful-information\/\",\"url\":\"https:\/\/coplweb.ca\/en\/useful-information\/\",\"name\":\"Useful information - COPL\",\"isPartOf\":{\"@id\":\"https:\/\/coplweb.ca\/#website\"},\"datePublished\":\"2021-09-09T17:30:05+00:00\",\"dateModified\":\"2023-09-27T19:12:25+00:00\",\"breadcrumb\":{\"@id\":\"https:\/\/coplweb.ca\/en\/useful-information\/#breadcrumb\"},\"inLanguage\":\"en-US\",\"potentialAction\":[{\"@type\":\"ReadAction\",\"target\":[\"https:\/\/coplweb.ca\/en\/useful-information\/\"]}]},{\"@type\":\"BreadcrumbList\",\"@id\":\"https:\/\/coplweb.ca\/en\/useful-information\/#breadcrumb\",\"itemListElement\":[{\"@type\":\"ListItem\",\"position\":1,\"name\":\"Accueil\",\"item\":\"https:\/\/coplweb.ca\/en\/\"},{\"@type\":\"ListItem\",\"position\":2,\"name\":\"Useful information\"}]},{\"@type\":\"WebSite\",\"@id\":\"https:\/\/coplweb.ca\/#website\",\"url\":\"https:\/\/coplweb.ca\/\",\"name\":\"COPL\",\"description\":\"Regroupement strat\u00e9gique des experts qu\u00e9b\u00e9cois de l&#039;optique et de la photonique\",\"publisher\":{\"@id\":\"https:\/\/coplweb.ca\/#organization\"},\"potentialAction\":[{\"@type\":\"SearchAction\",\"target\":{\"@type\":\"EntryPoint\",\"urlTemplate\":\"https:\/\/coplweb.ca\/?s={search_term_string}\"},\"query-input\":{\"@type\":\"PropertyValueSpecification\",\"valueRequired\":true,\"valueName\":\"search_term_string\"}}],\"inLanguage\":\"en-US\"},{\"@type\":\"Organization\",\"@id\":\"https:\/\/coplweb.ca\/#organization\",\"name\":\"COPL - Centre d'optique, photonique et lasers\",\"url\":\"https:\/\/coplweb.ca\/\",\"logo\":{\"@type\":\"ImageObject\",\"inLanguage\":\"en-US\",\"@id\":\"https:\/\/coplweb.ca\/#\/schema\/logo\/image\/\",\"url\":\"https:\/\/coplweb.ca\/wp-content\/uploads\/2022\/10\/cropped-COPL_Centre-d-optique-photonique-et-lasers_Logo-rouge.png\",\"contentUrl\":\"https:\/\/coplweb.ca\/wp-content\/uploads\/2022\/10\/cropped-COPL_Centre-d-optique-photonique-et-lasers_Logo-rouge.png\",\"width\":1068,\"height\":412,\"caption\":\"COPL - Centre d'optique, photonique et lasers\"},\"image\":{\"@id\":\"https:\/\/coplweb.ca\/#\/schema\/logo\/image\/\"}}]}<\/script>\r\n<!-- \/ Yoast SEO plugin. -->","yoast_head_json":{"title":"Useful information - COPL","robots":{"index":"index","follow":"follow","max-snippet":"max-snippet:-1","max-image-preview":"max-image-preview:large","max-video-preview":"max-video-preview:-1"},"canonical":"https:\/\/coplweb.ca\/en\/useful-information\/","og_locale":"en_US","og_type":"article","og_title":"Useful information - COPL","og_description":"We present below a brief overview of our partner institutions, together with useful links for further consideration. Concordia University Montreal Located in the heart of Montreal, Concordia University is a welcoming place where a commitment to innovation and excellence in teaching, research, creation and community partnerships is a top priority. Concordia dares to be different ...","og_url":"https:\/\/coplweb.ca\/en\/useful-information\/","og_site_name":"COPL","article_modified_time":"2023-09-27T19:12:25+00:00","twitter_card":"summary_large_image","schema":{"@context":"https:\/\/schema.org","@graph":[{"@type":"WebPage","@id":"https:\/\/coplweb.ca\/en\/useful-information\/","url":"https:\/\/coplweb.ca\/en\/useful-information\/","name":"Useful information - COPL","isPartOf":{"@id":"https:\/\/coplweb.ca\/#website"},"datePublished":"2021-09-09T17:30:05+00:00","dateModified":"2023-09-27T19:12:25+00:00","breadcrumb":{"@id":"https:\/\/coplweb.ca\/en\/useful-information\/#breadcrumb"},"inLanguage":"en-US","potentialAction":[{"@type":"ReadAction","target":["https:\/\/coplweb.ca\/en\/useful-information\/"]}]},{"@type":"BreadcrumbList","@id":"https:\/\/coplweb.ca\/en\/useful-information\/#breadcrumb","itemListElement":[{"@type":"ListItem","position":1,"name":"Accueil","item":"https:\/\/coplweb.ca\/en\/"},{"@type":"ListItem","position":2,"name":"Useful information"}]},{"@type":"WebSite","@id":"https:\/\/coplweb.ca\/#website","url":"https:\/\/coplweb.ca\/","name":"COPL","description":"Regroupement strat\u00e9gique des experts qu\u00e9b\u00e9cois de l&#039;optique et de la photonique","publisher":{"@id":"https:\/\/coplweb.ca\/#organization"},"potentialAction":[{"@type":"SearchAction","target":{"@type":"EntryPoint","urlTemplate":"https:\/\/coplweb.ca\/?s={search_term_string}"},"query-input":{"@type":"PropertyValueSpecification","valueRequired":true,"valueName":"search_term_string"}}],"inLanguage":"en-US"},{"@type":"Organization","@id":"https:\/\/coplweb.ca\/#organization","name":"COPL - Centre d'optique, photonique et lasers","url":"https:\/\/coplweb.ca\/","logo":{"@type":"ImageObject","inLanguage":"en-US","@id":"https:\/\/coplweb.ca\/#\/schema\/logo\/image\/","url":"https:\/\/coplweb.ca\/wp-content\/uploads\/2022\/10\/cropped-COPL_Centre-d-optique-photonique-et-lasers_Logo-rouge.png","contentUrl":"https:\/\/coplweb.ca\/wp-content\/uploads\/2022\/10\/cropped-COPL_Centre-d-optique-photonique-et-lasers_Logo-rouge.png","width":1068,"height":412,"caption":"COPL - Centre d'optique, photonique et lasers"},"image":{"@id":"https:\/\/coplweb.ca\/#\/schema\/logo\/image\/"}}]}},"_links":{"self":[{"href":"https:\/\/coplweb.ca\/en\/wp-json\/wp\/v2\/pages\/1403","targetHints":{"allow":["GET"]}}],"collection":[{"href":"https:\/\/coplweb.ca\/en\/wp-json\/wp\/v2\/pages"}],"about":[{"href":"https:\/\/coplweb.ca\/en\/wp-json\/wp\/v2\/types\/page"}],"author":[{"embeddable":true,"href":"https:\/\/coplweb.ca\/en\/wp-json\/wp\/v2\/users\/1"}],"replies":[{"embeddable":true,"href":"https:\/\/coplweb.ca\/en\/wp-json\/wp\/v2\/comments?post=1403"}],"version-history":[{"count":18,"href":"https:\/\/coplweb.ca\/en\/wp-json\/wp\/v2\/pages\/1403\/revisions"}],"predecessor-version":[{"id":3818,"href":"https:\/\/coplweb.ca\/en\/wp-json\/wp\/v2\/pages\/1403\/revisions\/3818"}],"wp:attachment":[{"href":"https:\/\/coplweb.ca\/en\/wp-json\/wp\/v2\/media?parent=1403"}],"curies":[{"name":"wp","href":"https:\/\/api.w.org\/{rel}","templated":true}]}}