{"id":1402,"date":"2021-09-09T17:31:21","date_gmt":"2021-09-09T17:31:21","guid":{"rendered":"https:\/\/coplweb.ca\/research-opportunities-and-job-offers\/"},"modified":"2023-07-17T17:46:33","modified_gmt":"2023-07-17T17:46:33","slug":"research-opportunities-and-positions","status":"publish","type":"page","link":"https:\/\/coplweb.ca\/en\/research-opportunities-and-positions\/","title":{"rendered":"Research Opportunities and Positions"},"content":{"rendered":"<p>Providing qualified manpower to almost every company in the photonics sector in Quebec, the COPL plays a leading role in this innovation chain. Moreover, the COPL seeks to develop not only future scientists, but also future leaders. Activities are organized on a regular basis to stimulate the entrepreneurial spirit of students.<\/p>\n<p>The COPL also encourages its students to participate in conferences to present their work. In addition, the COPL provides students with the opportunity to acquire valuable soft skills, such as scientific communication, organization and planning of training and networking events, intellectual property protection, etc.<\/p>\n<p>COPL is committed to the principles of equity, diversity and inclusion. It promotes an inclusive approach that brings together a variety of individuals to create an empowering and engaging research environment.<\/p>\n","protected":false},"excerpt":{"rendered":"<p>Providing qualified manpower to almost every company in the photonics sector in Quebec, the COPL plays a leading role in this innovation chain. Moreover, the COPL seeks to develop not only future scientists, but also future leaders. Activities are organized on a regular basis to stimulate the entrepreneurial spirit of students. The COPL also encourages &#8230; <a title=\"Research Opportunities and Positions\" class=\"read-more\" href=\"https:\/\/coplweb.ca\/en\/research-opportunities-and-positions\/\" aria-label=\"Read more about Research Opportunities and Positions\"> <\/a><\/p>\n","protected":false},"author":1,"featured_media":0,"parent":0,"menu_order":7,"comment_status":"closed","ping_status":"closed","template":"template-offres.php","meta":{"_acf_changed":false,"footnotes":""},"class_list":["post-1402","page","type-page","status-publish"],"acf":[],"yoast_head":"<!-- This site is optimized with the Yoast SEO plugin v24.4 - https:\/\/yoast.com\/wordpress\/plugins\/seo\/ -->\r\n<title>Research Opportunities and Positions - COPL<\/title>\r\n<meta name=\"robots\" content=\"index, follow, max-snippet:-1, max-image-preview:large, max-video-preview:-1\" \/>\r\n<link rel=\"canonical\" href=\"https:\/\/coplweb.ca\/en\/research-opportunities-and-positions\/\" \/>\r\n<meta property=\"og:locale\" content=\"en_US\" \/>\r\n<meta property=\"og:type\" content=\"article\" \/>\r\n<meta property=\"og:title\" content=\"Research Opportunities and Positions - COPL\" \/>\r\n<meta property=\"og:description\" content=\"Providing qualified manpower to almost every company in the photonics sector in Quebec, the COPL plays a leading role in this innovation chain. Moreover, the COPL seeks to develop not only future scientists, but also future leaders. Activities are organized on a regular basis to stimulate the entrepreneurial spirit of students. The COPL also encourages ...\" \/>\r\n<meta property=\"og:url\" content=\"https:\/\/coplweb.ca\/en\/research-opportunities-and-positions\/\" \/>\r\n<meta property=\"og:site_name\" content=\"COPL\" \/>\r\n<meta property=\"article:modified_time\" content=\"2023-07-17T17:46:33+00:00\" \/>\r\n<meta name=\"twitter:card\" content=\"summary_large_image\" \/>\r\n<script type=\"application\/ld+json\" class=\"yoast-schema-graph\">{\"@context\":\"https:\/\/schema.org\",\"@graph\":[{\"@type\":\"WebPage\",\"@id\":\"https:\/\/coplweb.ca\/en\/research-opportunities-and-positions\/\",\"url\":\"https:\/\/coplweb.ca\/en\/research-opportunities-and-positions\/\",\"name\":\"Research Opportunities and Positions - COPL\",\"isPartOf\":{\"@id\":\"https:\/\/coplweb.ca\/#website\"},\"datePublished\":\"2021-09-09T17:31:21+00:00\",\"dateModified\":\"2023-07-17T17:46:33+00:00\",\"breadcrumb\":{\"@id\":\"https:\/\/coplweb.ca\/en\/research-opportunities-and-positions\/#breadcrumb\"},\"inLanguage\":\"en-US\",\"potentialAction\":[{\"@type\":\"ReadAction\",\"target\":[\"https:\/\/coplweb.ca\/en\/research-opportunities-and-positions\/\"]}]},{\"@type\":\"BreadcrumbList\",\"@id\":\"https:\/\/coplweb.ca\/en\/research-opportunities-and-positions\/#breadcrumb\",\"itemListElement\":[{\"@type\":\"ListItem\",\"position\":1,\"name\":\"Accueil\",\"item\":\"https:\/\/coplweb.ca\/en\/\"},{\"@type\":\"ListItem\",\"position\":2,\"name\":\"Research Opportunities and Positions\"}]},{\"@type\":\"WebSite\",\"@id\":\"https:\/\/coplweb.ca\/#website\",\"url\":\"https:\/\/coplweb.ca\/\",\"name\":\"COPL\",\"description\":\"Regroupement strat\u00e9gique des experts qu\u00e9b\u00e9cois de l&#039;optique et de la photonique\",\"publisher\":{\"@id\":\"https:\/\/coplweb.ca\/#organization\"},\"potentialAction\":[{\"@type\":\"SearchAction\",\"target\":{\"@type\":\"EntryPoint\",\"urlTemplate\":\"https:\/\/coplweb.ca\/?s={search_term_string}\"},\"query-input\":{\"@type\":\"PropertyValueSpecification\",\"valueRequired\":true,\"valueName\":\"search_term_string\"}}],\"inLanguage\":\"en-US\"},{\"@type\":\"Organization\",\"@id\":\"https:\/\/coplweb.ca\/#organization\",\"name\":\"COPL - Centre d'optique, photonique et lasers\",\"url\":\"https:\/\/coplweb.ca\/\",\"logo\":{\"@type\":\"ImageObject\",\"inLanguage\":\"en-US\",\"@id\":\"https:\/\/coplweb.ca\/#\/schema\/logo\/image\/\",\"url\":\"https:\/\/coplweb.ca\/wp-content\/uploads\/2022\/10\/cropped-COPL_Centre-d-optique-photonique-et-lasers_Logo-rouge.png\",\"contentUrl\":\"https:\/\/coplweb.ca\/wp-content\/uploads\/2022\/10\/cropped-COPL_Centre-d-optique-photonique-et-lasers_Logo-rouge.png\",\"width\":1068,\"height\":412,\"caption\":\"COPL - Centre d'optique, photonique et lasers\"},\"image\":{\"@id\":\"https:\/\/coplweb.ca\/#\/schema\/logo\/image\/\"}}]}<\/script>\r\n<!-- \/ Yoast SEO plugin. -->","yoast_head_json":{"title":"Research Opportunities and Positions - COPL","robots":{"index":"index","follow":"follow","max-snippet":"max-snippet:-1","max-image-preview":"max-image-preview:large","max-video-preview":"max-video-preview:-1"},"canonical":"https:\/\/coplweb.ca\/en\/research-opportunities-and-positions\/","og_locale":"en_US","og_type":"article","og_title":"Research Opportunities and Positions - COPL","og_description":"Providing qualified manpower to almost every company in the photonics sector in Quebec, the COPL plays a leading role in this innovation chain. Moreover, the COPL seeks to develop not only future scientists, but also future leaders. Activities are organized on a regular basis to stimulate the entrepreneurial spirit of students. The COPL also encourages ...","og_url":"https:\/\/coplweb.ca\/en\/research-opportunities-and-positions\/","og_site_name":"COPL","article_modified_time":"2023-07-17T17:46:33+00:00","twitter_card":"summary_large_image","schema":{"@context":"https:\/\/schema.org","@graph":[{"@type":"WebPage","@id":"https:\/\/coplweb.ca\/en\/research-opportunities-and-positions\/","url":"https:\/\/coplweb.ca\/en\/research-opportunities-and-positions\/","name":"Research Opportunities and Positions - COPL","isPartOf":{"@id":"https:\/\/coplweb.ca\/#website"},"datePublished":"2021-09-09T17:31:21+00:00","dateModified":"2023-07-17T17:46:33+00:00","breadcrumb":{"@id":"https:\/\/coplweb.ca\/en\/research-opportunities-and-positions\/#breadcrumb"},"inLanguage":"en-US","potentialAction":[{"@type":"ReadAction","target":["https:\/\/coplweb.ca\/en\/research-opportunities-and-positions\/"]}]},{"@type":"BreadcrumbList","@id":"https:\/\/coplweb.ca\/en\/research-opportunities-and-positions\/#breadcrumb","itemListElement":[{"@type":"ListItem","position":1,"name":"Accueil","item":"https:\/\/coplweb.ca\/en\/"},{"@type":"ListItem","position":2,"name":"Research Opportunities and Positions"}]},{"@type":"WebSite","@id":"https:\/\/coplweb.ca\/#website","url":"https:\/\/coplweb.ca\/","name":"COPL","description":"Regroupement strat\u00e9gique des experts qu\u00e9b\u00e9cois de l&#039;optique et de la photonique","publisher":{"@id":"https:\/\/coplweb.ca\/#organization"},"potentialAction":[{"@type":"SearchAction","target":{"@type":"EntryPoint","urlTemplate":"https:\/\/coplweb.ca\/?s={search_term_string}"},"query-input":{"@type":"PropertyValueSpecification","valueRequired":true,"valueName":"search_term_string"}}],"inLanguage":"en-US"},{"@type":"Organization","@id":"https:\/\/coplweb.ca\/#organization","name":"COPL - Centre d'optique, photonique et lasers","url":"https:\/\/coplweb.ca\/","logo":{"@type":"ImageObject","inLanguage":"en-US","@id":"https:\/\/coplweb.ca\/#\/schema\/logo\/image\/","url":"https:\/\/coplweb.ca\/wp-content\/uploads\/2022\/10\/cropped-COPL_Centre-d-optique-photonique-et-lasers_Logo-rouge.png","contentUrl":"https:\/\/coplweb.ca\/wp-content\/uploads\/2022\/10\/cropped-COPL_Centre-d-optique-photonique-et-lasers_Logo-rouge.png","width":1068,"height":412,"caption":"COPL - Centre d'optique, photonique et lasers"},"image":{"@id":"https:\/\/coplweb.ca\/#\/schema\/logo\/image\/"}}]}},"_links":{"self":[{"href":"https:\/\/coplweb.ca\/en\/wp-json\/wp\/v2\/pages\/1402","targetHints":{"allow":["GET"]}}],"collection":[{"href":"https:\/\/coplweb.ca\/en\/wp-json\/wp\/v2\/pages"}],"about":[{"href":"https:\/\/coplweb.ca\/en\/wp-json\/wp\/v2\/types\/page"}],"author":[{"embeddable":true,"href":"https:\/\/coplweb.ca\/en\/wp-json\/wp\/v2\/users\/1"}],"replies":[{"embeddable":true,"href":"https:\/\/coplweb.ca\/en\/wp-json\/wp\/v2\/comments?post=1402"}],"version-history":[{"count":7,"href":"https:\/\/coplweb.ca\/en\/wp-json\/wp\/v2\/pages\/1402\/revisions"}],"predecessor-version":[{"id":3460,"href":"https:\/\/coplweb.ca\/en\/wp-json\/wp\/v2\/pages\/1402\/revisions\/3460"}],"wp:attachment":[{"href":"https:\/\/coplweb.ca\/en\/wp-json\/wp\/v2\/media?parent=1402"}],"curies":[{"name":"wp","href":"https:\/\/api.w.org\/{rel}","templated":true}]}}