{"id":1400,"date":"2021-09-09T17:29:27","date_gmt":"2021-09-09T17:29:27","guid":{"rendered":"https:\/\/coplweb.ca\/laboratories-and-infrastructures\/"},"modified":"2022-07-06T18:24:57","modified_gmt":"2022-07-06T18:24:57","slug":"laboratories-and-infrastructures","status":"publish","type":"page","link":"https:\/\/coplweb.ca\/en\/laboratories-and-infrastructures\/","title":{"rendered":"Laboratories and infrastructures"},"content":{"rendered":"","protected":false},"excerpt":{"rendered":"","protected":false},"author":1,"featured_media":0,"parent":0,"menu_order":4,"comment_status":"closed","ping_status":"closed","template":"template-laboratoires-et-infrastructures.php","meta":{"_acf_changed":false,"footnotes":""},"class_list":["post-1400","page","type-page","status-publish"],"acf":[],"yoast_head":"<!-- This site is optimized with the Yoast SEO plugin v24.4 - https:\/\/yoast.com\/wordpress\/plugins\/seo\/ -->\r\n<title>Laboratories and infrastructures - COPL<\/title>\r\n<meta name=\"robots\" content=\"index, follow, max-snippet:-1, max-image-preview:large, max-video-preview:-1\" \/>\r\n<link rel=\"canonical\" href=\"https:\/\/coplweb.ca\/en\/laboratories-and-infrastructures\/\" \/>\r\n<meta property=\"og:locale\" content=\"en_US\" \/>\r\n<meta property=\"og:type\" content=\"article\" \/>\r\n<meta property=\"og:title\" content=\"Laboratories and infrastructures - COPL\" \/>\r\n<meta property=\"og:url\" content=\"https:\/\/coplweb.ca\/en\/laboratories-and-infrastructures\/\" \/>\r\n<meta property=\"og:site_name\" content=\"COPL\" \/>\r\n<meta property=\"article:modified_time\" content=\"2022-07-06T18:24:57+00:00\" \/>\r\n<meta name=\"twitter:card\" content=\"summary_large_image\" \/>\r\n<script type=\"application\/ld+json\" class=\"yoast-schema-graph\">{\"@context\":\"https:\/\/schema.org\",\"@graph\":[{\"@type\":\"WebPage\",\"@id\":\"https:\/\/coplweb.ca\/en\/laboratories-and-infrastructures\/\",\"url\":\"https:\/\/coplweb.ca\/en\/laboratories-and-infrastructures\/\",\"name\":\"Laboratories and infrastructures - COPL\",\"isPartOf\":{\"@id\":\"https:\/\/coplweb.ca\/#website\"},\"datePublished\":\"2021-09-09T17:29:27+00:00\",\"dateModified\":\"2022-07-06T18:24:57+00:00\",\"breadcrumb\":{\"@id\":\"https:\/\/coplweb.ca\/en\/laboratories-and-infrastructures\/#breadcrumb\"},\"inLanguage\":\"en-US\",\"potentialAction\":[{\"@type\":\"ReadAction\",\"target\":[\"https:\/\/coplweb.ca\/en\/laboratories-and-infrastructures\/\"]}]},{\"@type\":\"BreadcrumbList\",\"@id\":\"https:\/\/coplweb.ca\/en\/laboratories-and-infrastructures\/#breadcrumb\",\"itemListElement\":[{\"@type\":\"ListItem\",\"position\":1,\"name\":\"Accueil\",\"item\":\"https:\/\/coplweb.ca\/en\/\"},{\"@type\":\"ListItem\",\"position\":2,\"name\":\"Laboratories and infrastructures\"}]},{\"@type\":\"WebSite\",\"@id\":\"https:\/\/coplweb.ca\/#website\",\"url\":\"https:\/\/coplweb.ca\/\",\"name\":\"COPL\",\"description\":\"Regroupement strat\u00e9gique des experts qu\u00e9b\u00e9cois de l&#039;optique et de la photonique\",\"publisher\":{\"@id\":\"https:\/\/coplweb.ca\/#organization\"},\"potentialAction\":[{\"@type\":\"SearchAction\",\"target\":{\"@type\":\"EntryPoint\",\"urlTemplate\":\"https:\/\/coplweb.ca\/?s={search_term_string}\"},\"query-input\":{\"@type\":\"PropertyValueSpecification\",\"valueRequired\":true,\"valueName\":\"search_term_string\"}}],\"inLanguage\":\"en-US\"},{\"@type\":\"Organization\",\"@id\":\"https:\/\/coplweb.ca\/#organization\",\"name\":\"COPL - Centre d'optique, photonique et lasers\",\"url\":\"https:\/\/coplweb.ca\/\",\"logo\":{\"@type\":\"ImageObject\",\"inLanguage\":\"en-US\",\"@id\":\"https:\/\/coplweb.ca\/#\/schema\/logo\/image\/\",\"url\":\"https:\/\/coplweb.ca\/wp-content\/uploads\/2022\/10\/cropped-COPL_Centre-d-optique-photonique-et-lasers_Logo-rouge.png\",\"contentUrl\":\"https:\/\/coplweb.ca\/wp-content\/uploads\/2022\/10\/cropped-COPL_Centre-d-optique-photonique-et-lasers_Logo-rouge.png\",\"width\":1068,\"height\":412,\"caption\":\"COPL - Centre d'optique, photonique et lasers\"},\"image\":{\"@id\":\"https:\/\/coplweb.ca\/#\/schema\/logo\/image\/\"}}]}<\/script>\r\n<!-- \/ Yoast SEO plugin. -->","yoast_head_json":{"title":"Laboratories and infrastructures - COPL","robots":{"index":"index","follow":"follow","max-snippet":"max-snippet:-1","max-image-preview":"max-image-preview:large","max-video-preview":"max-video-preview:-1"},"canonical":"https:\/\/coplweb.ca\/en\/laboratories-and-infrastructures\/","og_locale":"en_US","og_type":"article","og_title":"Laboratories and infrastructures - COPL","og_url":"https:\/\/coplweb.ca\/en\/laboratories-and-infrastructures\/","og_site_name":"COPL","article_modified_time":"2022-07-06T18:24:57+00:00","twitter_card":"summary_large_image","schema":{"@context":"https:\/\/schema.org","@graph":[{"@type":"WebPage","@id":"https:\/\/coplweb.ca\/en\/laboratories-and-infrastructures\/","url":"https:\/\/coplweb.ca\/en\/laboratories-and-infrastructures\/","name":"Laboratories and infrastructures - COPL","isPartOf":{"@id":"https:\/\/coplweb.ca\/#website"},"datePublished":"2021-09-09T17:29:27+00:00","dateModified":"2022-07-06T18:24:57+00:00","breadcrumb":{"@id":"https:\/\/coplweb.ca\/en\/laboratories-and-infrastructures\/#breadcrumb"},"inLanguage":"en-US","potentialAction":[{"@type":"ReadAction","target":["https:\/\/coplweb.ca\/en\/laboratories-and-infrastructures\/"]}]},{"@type":"BreadcrumbList","@id":"https:\/\/coplweb.ca\/en\/laboratories-and-infrastructures\/#breadcrumb","itemListElement":[{"@type":"ListItem","position":1,"name":"Accueil","item":"https:\/\/coplweb.ca\/en\/"},{"@type":"ListItem","position":2,"name":"Laboratories and infrastructures"}]},{"@type":"WebSite","@id":"https:\/\/coplweb.ca\/#website","url":"https:\/\/coplweb.ca\/","name":"COPL","description":"Regroupement strat\u00e9gique des experts qu\u00e9b\u00e9cois de l&#039;optique et de la photonique","publisher":{"@id":"https:\/\/coplweb.ca\/#organization"},"potentialAction":[{"@type":"SearchAction","target":{"@type":"EntryPoint","urlTemplate":"https:\/\/coplweb.ca\/?s={search_term_string}"},"query-input":{"@type":"PropertyValueSpecification","valueRequired":true,"valueName":"search_term_string"}}],"inLanguage":"en-US"},{"@type":"Organization","@id":"https:\/\/coplweb.ca\/#organization","name":"COPL - Centre d'optique, photonique et lasers","url":"https:\/\/coplweb.ca\/","logo":{"@type":"ImageObject","inLanguage":"en-US","@id":"https:\/\/coplweb.ca\/#\/schema\/logo\/image\/","url":"https:\/\/coplweb.ca\/wp-content\/uploads\/2022\/10\/cropped-COPL_Centre-d-optique-photonique-et-lasers_Logo-rouge.png","contentUrl":"https:\/\/coplweb.ca\/wp-content\/uploads\/2022\/10\/cropped-COPL_Centre-d-optique-photonique-et-lasers_Logo-rouge.png","width":1068,"height":412,"caption":"COPL - Centre d'optique, photonique et lasers"},"image":{"@id":"https:\/\/coplweb.ca\/#\/schema\/logo\/image\/"}}]}},"_links":{"self":[{"href":"https:\/\/coplweb.ca\/en\/wp-json\/wp\/v2\/pages\/1400","targetHints":{"allow":["GET"]}}],"collection":[{"href":"https:\/\/coplweb.ca\/en\/wp-json\/wp\/v2\/pages"}],"about":[{"href":"https:\/\/coplweb.ca\/en\/wp-json\/wp\/v2\/types\/page"}],"author":[{"embeddable":true,"href":"https:\/\/coplweb.ca\/en\/wp-json\/wp\/v2\/users\/1"}],"replies":[{"embeddable":true,"href":"https:\/\/coplweb.ca\/en\/wp-json\/wp\/v2\/comments?post=1400"}],"version-history":[{"count":3,"href":"https:\/\/coplweb.ca\/en\/wp-json\/wp\/v2\/pages\/1400\/revisions"}],"predecessor-version":[{"id":1593,"href":"https:\/\/coplweb.ca\/en\/wp-json\/wp\/v2\/pages\/1400\/revisions\/1593"}],"wp:attachment":[{"href":"https:\/\/coplweb.ca\/en\/wp-json\/wp\/v2\/media?parent=1400"}],"curies":[{"name":"wp","href":"https:\/\/api.w.org\/{rel}","templated":true}]}}