{"id":1399,"date":"2021-09-09T17:29:13","date_gmt":"2021-09-09T17:29:13","guid":{"rendered":"https:\/\/coplweb.ca\/about-us\/contact-us\/"},"modified":"2026-02-26T20:08:38","modified_gmt":"2026-02-26T20:08:38","slug":"contact-us","status":"publish","type":"page","link":"https:\/\/coplweb.ca\/en\/about-us\/contact-us\/","title":{"rendered":"Contact us"},"content":{"rendered":"<h3>Centre for Optics, Photonics and Lasers<\/h3>\n<p>Centre for Optics, Photonics and Lasers<br \/>\nPavillon d\u2019Optique-photonique \u2013 Universit\u00e9 Laval<br \/>\n2375, rue de la Terrasse, local 2104 Qu\u00e9bec (Qu\u00e9bec) G1V 0A6<\/p>\n<p><strong>Phone:<\/strong> <a href=\"tel:418-656-2454\">418 656-2454<\/a><br \/>\n<strong>Email:<\/strong> <strong><a href=\"mailto:info@copl.ulaval.ca\">info@copl.ulaval.ca<\/a>\u00a0<\/strong><\/p>\n<div class=\"nous-joindre-embeded-map\">\n\t<div class=\"mapouter\">\n\t\t<div class=\"gmap_canvas\">\n\t\t\t<iframe loading=\"lazy\" width=\"100%\" height=\"220\" id=\"gmap_canvas\" src=\"https:\/\/maps.google.com\/maps?q=Pavillon%20d%E2%80%99Optique-photonique%20-%20Universit%C3%A9%20Laval%202375,%20rue%20de%20la%20Terrasse,%20local%202104%20Qu%C3%A9bec%20(Qu%C3%A9bec)%20G1V%200A6&t=&z=13&ie=UTF8&iwloc=&output=embed\" frameborder=\"0\" scrolling=\"no\" marginheight=\"0\" marginwidth=\"0\"><\/iframe>\n\t\t<\/div>\n\t<\/div>\n<\/div>\n<h2>Personnel<\/h2>\n<p><span style=\"font-weight: 400;\">The administrative staff of the COPL is a small and dedicated team that coordinates all of the centre&#8217;s activities and ensures that actions taken are in accordance with its mission and purpose.<\/span><\/p>\n<div>\n\t\t\t\t\t<div class=\"personnel-item-fullwidth margB20\">\n\t\t<div class=\"personnel-item-fullwidth-left\">\n\t\t\t\t\t\t<img decoding=\"async\" src=\"https:\/\/coplweb.ca\/wp-content\/uploads\/2022\/02\/Daniel-Cote_crop-e1659020087927.jpg\" class=\"personnel-item-fullwidth-left-img\">\n\t\t\t\t\t\t\n\t\t\t<div class=\"personnel-item-fullwidth-left-personal grid-50 noPad\">\n\t\t\t\t<h4>Daniel C\u00f4t\u00e9<\/h4>\n\t\t\t\t<p class=\"italic noMarg\">Director<\/p>\n\t\t\t<\/div>\n\t\t<\/div>\n\t\t<div class=\"personnel-item-fullwidth-right grid-50 noPad\">\n\t\t\t<p>\n\t\t\t\t\t\t\t\t<a class=\"col-blue\" href=\"tel:418 656-3559\">418 656-3559\t\t\t\t<\/a>\n\t\t\t\t\n\t\t\t\t\t\t\t\t\n\t\t\t\t\t\t\t\t<br><a class=\"col-blue\" href=\"mailto:dccote@cervo.ulaval.ca\">dccote@cervo.ulaval.ca<\/a>\n\t\t\t\t\t\t\t<\/p>\n\t\t<\/div>\n\t<\/div>\n\t\t\t<div class=\"personnel-item-fullwidth margB20\">\n\t\t<div class=\"personnel-item-fullwidth-left\">\n\t\t\t\t\t\t<img decoding=\"async\" src=\"https:\/\/coplweb.ca\/wp-content\/uploads\/2022\/07\/MMB_11_1-e1659368388585.jpg\" class=\"personnel-item-fullwidth-left-img\">\n\t\t\t\t\t\t\n\t\t\t<div class=\"personnel-item-fullwidth-left-personal grid-50 noPad\">\n\t\t\t\t<h4>Marouchka-Maude Brisebois<\/h4>\n\t\t\t\t<p class=\"italic noMarg\">Program and Communications Manager<\/p>\n\t\t\t<\/div>\n\t\t<\/div>\n\t\t<div class=\"personnel-item-fullwidth-right grid-50 noPad\">\n\t\t\t<p>\n\t\t\t\t\t\t\t\t<a class=\"col-blue\" href=\"tel:418 656-2131\">418 656-2131\t\t\t\t<\/a>\n\t\t\t\t\n\t\t\t\t\t\t\t\t<i>, poste 412347<\/i>\n\t\t\t\t\t\t\t\t\n\t\t\t\t\t\t\t\t<br><a class=\"col-blue\" href=\"mailto:Marouchka-M.Brisebois@copl.ulaval.ca\">Marouchka-M.Brisebois@copl.ulaval.ca<\/a>\n\t\t\t\t\t\t\t<\/p>\n\t\t<\/div>\n\t<\/div>\n\t\t\t<div class=\"personnel-item-fullwidth margB20\">\n\t\t<div class=\"personnel-item-fullwidth-left\">\n\t\t\t\t\t\t<img decoding=\"async\" src=\"https:\/\/coplweb.ca\/wp-content\/uploads\/2022\/07\/David-Helie_3_1-e1659368212897.jpg\" class=\"personnel-item-fullwidth-left-img\">\n\t\t\t\t\t\t\n\t\t\t<div class=\"personnel-item-fullwidth-left-personal grid-50 noPad\">\n\t\t\t\t<h4>David H\u00e9lie<\/h4>\n\t\t\t\t<p class=\"italic noMarg\">Administration Manager<\/p>\n\t\t\t<\/div>\n\t\t<\/div>\n\t\t<div class=\"personnel-item-fullwidth-right grid-50 noPad\">\n\t\t\t<p>\n\t\t\t\t\t\t\t\t<a class=\"col-blue\" href=\"tel:418 656-3029\">418 656-3029\t\t\t\t<\/a>\n\t\t\t\t\n\t\t\t\t\t\t\t\t\n\t\t\t\t\t\t\t\t<br><a class=\"col-blue\" href=\"mailto:David.helie@copl.ulaval.ca\">David.helie@copl.ulaval.ca<\/a>\n\t\t\t\t\t\t\t<\/p>\n\t\t<\/div>\n\t<\/div>\n\t\t\t<div class=\"personnel-item-fullwidth margB20\">\n\t\t<div class=\"personnel-item-fullwidth-left\">\n\t\t\t\t\t\t<img decoding=\"async\" src=\"https:\/\/coplweb.ca\/wp-content\/uploads\/2022\/07\/Martin-Blouin_9_1-e1659368422158.jpg\" class=\"personnel-item-fullwidth-left-img\">\n\t\t\t\t\t\t\n\t\t\t<div class=\"personnel-item-fullwidth-left-personal grid-50 noPad\">\n\t\t\t\t<h4>Martin Blouin<\/h4>\n\t\t\t\t<p class=\"italic noMarg\">IT Manager<\/p>\n\t\t\t<\/div>\n\t\t<\/div>\n\t\t<div class=\"personnel-item-fullwidth-right grid-50 noPad\">\n\t\t\t<p>\n\t\t\t\t\t\t\t\t<a class=\"col-blue\" href=\"tel:418 656-2131\">418 656-2131\t\t\t\t<\/a>\n\t\t\t\t\n\t\t\t\t\t\t\t\t<i>, poste 411491<\/i>\n\t\t\t\t\t\t\t\t\n\t\t\t\t\t\t\t\t<br><a class=\"col-blue\" href=\"mailto:Martin.Blouin@copl.ulaval.ca\">Martin.Blouin@copl.ulaval.ca<\/a>\n\t\t\t\t\t\t\t<\/p>\n\t\t<\/div>\n\t<\/div>\n\t\t\t<div class=\"personnel-item-fullwidth margB20\">\n\t\t<div class=\"personnel-item-fullwidth-left\">\n\t\t\t\t\t\t<img decoding=\"async\" src=\"https:\/\/coplweb.ca\/wp-content\/uploads\/2025\/10\/Nathaly-Colmenares.jpg\" class=\"personnel-item-fullwidth-left-img\">\n\t\t\t\t\t\t\n\t\t\t<div class=\"personnel-item-fullwidth-left-personal grid-50 noPad\">\n\t\t\t\t<h4>Nathaly Colmenares<\/h4>\n\t\t\t\t<p class=\"italic noMarg\">Responsible for practical work and research\u00a0<\/p>\n\t\t\t<\/div>\n\t\t<\/div>\n\t\t<div class=\"personnel-item-fullwidth-right grid-50 noPad\">\n\t\t\t<p>\n\t\t\t\t\t\t\t\t<a class=\"col-blue\" href=\"tel:418 656-2131\">418 656-2131\t\t\t\t<\/a>\n\t\t\t\t\n\t\t\t\t\t\t\t\t<i>, poste 403084<\/i>\n\t\t\t\t\t\t\t\t\n\t\t\t\t\t\t\t\t<br><a class=\"col-blue\" href=\"mailto:nathaly.colmenares@copl.ulaval.ca\">nathaly.colmenares@copl.ulaval.ca<\/a>\n\t\t\t\t\t\t\t<\/p>\n\t\t<\/div>\n\t<\/div>\n\t\t\t<div class=\"personnel-item-fullwidth margB20\">\n\t\t<div class=\"personnel-item-fullwidth-left\">\n\t\t\t\t\t\t<img decoding=\"async\" src=\"https:\/\/coplweb.ca\/wp-content\/uploads\/2025\/10\/Marie-Claude-Richard_1.jpg\" class=\"personnel-item-fullwidth-left-img\">\n\t\t\t\t\t\t\n\t\t\t<div class=\"personnel-item-fullwidth-left-personal grid-50 noPad\">\n\t\t\t\t<h4>Marie-Claude Richard<\/h4>\n\t\t\t\t<p class=\"italic noMarg\">Administrative assistant<\/p>\n\t\t\t<\/div>\n\t\t<\/div>\n\t\t<div class=\"personnel-item-fullwidth-right grid-50 noPad\">\n\t\t\t<p>\n\t\t\t\t\t\t\t\t<a class=\"col-blue\" href=\"tel:418 656-2131\">418 656-2131\t\t\t\t<\/a>\n\t\t\t\t\n\t\t\t\t\t\t\t\t\n\t\t\t\t\t\t\t<\/p>\n\t\t<\/div>\n\t<\/div>\n\t<\/div>\n","protected":false},"excerpt":{"rendered":"<p>Centre for Optics, Photonics and Lasers Centre for Optics, Photonics and Lasers Pavillon d\u2019Optique-photonique \u2013 Universit\u00e9 Laval 2375, rue de la Terrasse, local 2104 Qu\u00e9bec (Qu\u00e9bec) G1V 0A6 Phone: 418 656-2454 Email: info@copl.ulaval.ca\u00a0 Personnel The administrative staff of the COPL is a small and dedicated team that coordinates all of the centre&#8217;s activities and ensures &#8230; <a title=\"Contact us\" class=\"read-more\" href=\"https:\/\/coplweb.ca\/en\/about-us\/contact-us\/\" aria-label=\"Read more about Contact us\"> <\/a><\/p>\n","protected":false},"author":1,"featured_media":0,"parent":1397,"menu_order":2,"comment_status":"closed","ping_status":"closed","template":"template-base.php","meta":{"_acf_changed":false,"footnotes":""},"class_list":["post-1399","page","type-page","status-publish"],"acf":[],"yoast_head":"<!-- This site is optimized with the Yoast SEO plugin v24.4 - https:\/\/yoast.com\/wordpress\/plugins\/seo\/ -->\r\n<title>Contact us - COPL<\/title>\r\n<meta name=\"robots\" content=\"index, follow, max-snippet:-1, max-image-preview:large, max-video-preview:-1\" \/>\r\n<link rel=\"canonical\" href=\"https:\/\/coplweb.ca\/en\/about-us\/contact-us\/\" \/>\r\n<meta property=\"og:locale\" content=\"en_US\" \/>\r\n<meta property=\"og:type\" content=\"article\" \/>\r\n<meta property=\"og:title\" content=\"Contact us - COPL\" \/>\r\n<meta property=\"og:description\" content=\"Centre for Optics, Photonics and Lasers Centre for Optics, Photonics and Lasers Pavillon d\u2019Optique-photonique \u2013 Universit\u00e9 Laval 2375, rue de la Terrasse, local 2104 Qu\u00e9bec (Qu\u00e9bec) G1V 0A6 Phone: 418 656-2454 Email: info@copl.ulaval.ca\u00a0 Personnel The administrative staff of the COPL is a small and dedicated team that coordinates all of the centre&#8217;s activities and ensures ...\" \/>\r\n<meta property=\"og:url\" content=\"https:\/\/coplweb.ca\/en\/about-us\/contact-us\/\" \/>\r\n<meta property=\"og:site_name\" content=\"COPL\" \/>\r\n<meta property=\"article:modified_time\" content=\"2026-02-26T20:08:38+00:00\" \/>\r\n<meta name=\"twitter:card\" content=\"summary_large_image\" \/>\r\n<script type=\"application\/ld+json\" class=\"yoast-schema-graph\">{\"@context\":\"https:\/\/schema.org\",\"@graph\":[{\"@type\":\"WebPage\",\"@id\":\"https:\/\/coplweb.ca\/en\/about-us\/contact-us\/\",\"url\":\"https:\/\/coplweb.ca\/en\/about-us\/contact-us\/\",\"name\":\"Contact us - COPL\",\"isPartOf\":{\"@id\":\"https:\/\/coplweb.ca\/#website\"},\"datePublished\":\"2021-09-09T17:29:13+00:00\",\"dateModified\":\"2026-02-26T20:08:38+00:00\",\"breadcrumb\":{\"@id\":\"https:\/\/coplweb.ca\/en\/about-us\/contact-us\/#breadcrumb\"},\"inLanguage\":\"en-US\",\"potentialAction\":[{\"@type\":\"ReadAction\",\"target\":[\"https:\/\/coplweb.ca\/en\/about-us\/contact-us\/\"]}]},{\"@type\":\"BreadcrumbList\",\"@id\":\"https:\/\/coplweb.ca\/en\/about-us\/contact-us\/#breadcrumb\",\"itemListElement\":[{\"@type\":\"ListItem\",\"position\":1,\"name\":\"Accueil\",\"item\":\"https:\/\/coplweb.ca\/en\/\"},{\"@type\":\"ListItem\",\"position\":2,\"name\":\"About us\",\"item\":\"https:\/\/coplweb.ca\/en\/about-us\/\"},{\"@type\":\"ListItem\",\"position\":3,\"name\":\"Contact us\"}]},{\"@type\":\"WebSite\",\"@id\":\"https:\/\/coplweb.ca\/#website\",\"url\":\"https:\/\/coplweb.ca\/\",\"name\":\"COPL\",\"description\":\"Regroupement strat\u00e9gique des experts qu\u00e9b\u00e9cois de l&#039;optique et de la photonique\",\"publisher\":{\"@id\":\"https:\/\/coplweb.ca\/#organization\"},\"potentialAction\":[{\"@type\":\"SearchAction\",\"target\":{\"@type\":\"EntryPoint\",\"urlTemplate\":\"https:\/\/coplweb.ca\/?s={search_term_string}\"},\"query-input\":{\"@type\":\"PropertyValueSpecification\",\"valueRequired\":true,\"valueName\":\"search_term_string\"}}],\"inLanguage\":\"en-US\"},{\"@type\":\"Organization\",\"@id\":\"https:\/\/coplweb.ca\/#organization\",\"name\":\"COPL - Centre d'optique, photonique et lasers\",\"url\":\"https:\/\/coplweb.ca\/\",\"logo\":{\"@type\":\"ImageObject\",\"inLanguage\":\"en-US\",\"@id\":\"https:\/\/coplweb.ca\/#\/schema\/logo\/image\/\",\"url\":\"https:\/\/coplweb.ca\/wp-content\/uploads\/2022\/10\/cropped-COPL_Centre-d-optique-photonique-et-lasers_Logo-rouge.png\",\"contentUrl\":\"https:\/\/coplweb.ca\/wp-content\/uploads\/2022\/10\/cropped-COPL_Centre-d-optique-photonique-et-lasers_Logo-rouge.png\",\"width\":1068,\"height\":412,\"caption\":\"COPL - Centre d'optique, photonique et lasers\"},\"image\":{\"@id\":\"https:\/\/coplweb.ca\/#\/schema\/logo\/image\/\"}}]}<\/script>\r\n<!-- \/ Yoast SEO plugin. -->","yoast_head_json":{"title":"Contact us - COPL","robots":{"index":"index","follow":"follow","max-snippet":"max-snippet:-1","max-image-preview":"max-image-preview:large","max-video-preview":"max-video-preview:-1"},"canonical":"https:\/\/coplweb.ca\/en\/about-us\/contact-us\/","og_locale":"en_US","og_type":"article","og_title":"Contact us - COPL","og_description":"Centre for Optics, Photonics and Lasers Centre for Optics, Photonics and Lasers Pavillon d\u2019Optique-photonique \u2013 Universit\u00e9 Laval 2375, rue de la Terrasse, local 2104 Qu\u00e9bec (Qu\u00e9bec) G1V 0A6 Phone: 418 656-2454 Email: info@copl.ulaval.ca\u00a0 Personnel The administrative staff of the COPL is a small and dedicated team that coordinates all of the centre&#8217;s activities and ensures ...","og_url":"https:\/\/coplweb.ca\/en\/about-us\/contact-us\/","og_site_name":"COPL","article_modified_time":"2026-02-26T20:08:38+00:00","twitter_card":"summary_large_image","schema":{"@context":"https:\/\/schema.org","@graph":[{"@type":"WebPage","@id":"https:\/\/coplweb.ca\/en\/about-us\/contact-us\/","url":"https:\/\/coplweb.ca\/en\/about-us\/contact-us\/","name":"Contact us - COPL","isPartOf":{"@id":"https:\/\/coplweb.ca\/#website"},"datePublished":"2021-09-09T17:29:13+00:00","dateModified":"2026-02-26T20:08:38+00:00","breadcrumb":{"@id":"https:\/\/coplweb.ca\/en\/about-us\/contact-us\/#breadcrumb"},"inLanguage":"en-US","potentialAction":[{"@type":"ReadAction","target":["https:\/\/coplweb.ca\/en\/about-us\/contact-us\/"]}]},{"@type":"BreadcrumbList","@id":"https:\/\/coplweb.ca\/en\/about-us\/contact-us\/#breadcrumb","itemListElement":[{"@type":"ListItem","position":1,"name":"Accueil","item":"https:\/\/coplweb.ca\/en\/"},{"@type":"ListItem","position":2,"name":"About us","item":"https:\/\/coplweb.ca\/en\/about-us\/"},{"@type":"ListItem","position":3,"name":"Contact us"}]},{"@type":"WebSite","@id":"https:\/\/coplweb.ca\/#website","url":"https:\/\/coplweb.ca\/","name":"COPL","description":"Regroupement strat\u00e9gique des experts qu\u00e9b\u00e9cois de l&#039;optique et de la photonique","publisher":{"@id":"https:\/\/coplweb.ca\/#organization"},"potentialAction":[{"@type":"SearchAction","target":{"@type":"EntryPoint","urlTemplate":"https:\/\/coplweb.ca\/?s={search_term_string}"},"query-input":{"@type":"PropertyValueSpecification","valueRequired":true,"valueName":"search_term_string"}}],"inLanguage":"en-US"},{"@type":"Organization","@id":"https:\/\/coplweb.ca\/#organization","name":"COPL - Centre d'optique, photonique et lasers","url":"https:\/\/coplweb.ca\/","logo":{"@type":"ImageObject","inLanguage":"en-US","@id":"https:\/\/coplweb.ca\/#\/schema\/logo\/image\/","url":"https:\/\/coplweb.ca\/wp-content\/uploads\/2022\/10\/cropped-COPL_Centre-d-optique-photonique-et-lasers_Logo-rouge.png","contentUrl":"https:\/\/coplweb.ca\/wp-content\/uploads\/2022\/10\/cropped-COPL_Centre-d-optique-photonique-et-lasers_Logo-rouge.png","width":1068,"height":412,"caption":"COPL - Centre d'optique, photonique et lasers"},"image":{"@id":"https:\/\/coplweb.ca\/#\/schema\/logo\/image\/"}}]}},"_links":{"self":[{"href":"https:\/\/coplweb.ca\/en\/wp-json\/wp\/v2\/pages\/1399","targetHints":{"allow":["GET"]}}],"collection":[{"href":"https:\/\/coplweb.ca\/en\/wp-json\/wp\/v2\/pages"}],"about":[{"href":"https:\/\/coplweb.ca\/en\/wp-json\/wp\/v2\/types\/page"}],"author":[{"embeddable":true,"href":"https:\/\/coplweb.ca\/en\/wp-json\/wp\/v2\/users\/1"}],"replies":[{"embeddable":true,"href":"https:\/\/coplweb.ca\/en\/wp-json\/wp\/v2\/comments?post=1399"}],"version-history":[{"count":16,"href":"https:\/\/coplweb.ca\/en\/wp-json\/wp\/v2\/pages\/1399\/revisions"}],"predecessor-version":[{"id":5994,"href":"https:\/\/coplweb.ca\/en\/wp-json\/wp\/v2\/pages\/1399\/revisions\/5994"}],"up":[{"embeddable":true,"href":"https:\/\/coplweb.ca\/en\/wp-json\/wp\/v2\/pages\/1397"}],"wp:attachment":[{"href":"https:\/\/coplweb.ca\/en\/wp-json\/wp\/v2\/media?parent=1399"}],"curies":[{"name":"wp","href":"https:\/\/api.w.org\/{rel}","templated":true}]}}