{"id":1398,"date":"2021-09-09T17:29:01","date_gmt":"2021-09-09T17:29:01","guid":{"rendered":"https:\/\/coplweb.ca\/about-us\/governance\/"},"modified":"2026-02-26T20:10:33","modified_gmt":"2026-02-26T20:10:33","slug":"governance","status":"publish","type":"page","link":"https:\/\/coplweb.ca\/en\/about-us\/governance\/","title":{"rendered":"Governance"},"content":{"rendered":"<p><strong>The governance of the COPL is simple and straightforward and ensures that the activities of the strategic cluster are carried out in accordance with its mission in terms of training, research and support for the optics-photonics sector. Its structure ensures sound financial and administrative management.<\/strong><\/p>\n<h2>Management Committee<\/h2>\n<p>The COPL Management Committee is composed of 7 members representing the center\u2019s different research areas and institutions. The Management Committee is the Centre\u2019s primary decision-making body for all matters related to the budget, strategic directions and general resource sharing. The members of the Management Committee are elected by the Assembly of Members upon the recommendation of the director.<\/p>\n\t<div class=\"membres flex wrap grid-100 noPad margB40\">\n\t\t\t<div class=\"membre grid-45 noPad\">\n\t\t\t\t\t<img decoding=\"async\" src=\"https:\/\/coplweb.ca\/wp-content\/uploads\/2022\/02\/COPL_Membres_19_Youne\u0300s-Messaddeq.jpg\" class=\"membre-photo\">\n\t\t\t\t<div class=\"membre-infos\">\n\t\t\t<h4>Younes Messaddeq<\/h4>\n\t\t\t<p class=\"noMarg italic\">Universit\u00e9 Laval<\/p>\n\t\t<\/div>\n\t<\/div>\n\t\t\t<div class=\"membre grid-45 noPad\">\n\t\t\t\t\t<img decoding=\"async\" src=\"https:\/\/coplweb.ca\/wp-content\/uploads\/2022\/02\/Luca-Razzari_1-scaled-e1671564274565.jpg\" class=\"membre-photo\">\n\t\t\t\t<div class=\"membre-infos\">\n\t\t\t<h4>Luca Razzari<\/h4>\n\t\t\t<p class=\"noMarg italic\">Institut national de la recherche scientifique (INRS)<\/p>\n\t\t<\/div>\n\t<\/div>\n\t\t\t<div class=\"membre grid-45 noPad\">\n\t\t\t\t\t<img decoding=\"async\" src=\"https:\/\/coplweb.ca\/wp-content\/uploads\/2022\/02\/COPL_Direction_Franc\u0327ois-Tre\u0301panier.jpg\" class=\"membre-photo\">\n\t\t\t\t<div class=\"membre-infos\">\n\t\t\t<h4>Fran\u00e7ois Tr\u00e9panier<\/h4>\n\t\t\t<p class=\"noMarg italic\">Teraxion<\/p>\n\t\t<\/div>\n\t<\/div>\n\t\t\t<div class=\"membre grid-45 noPad\">\n\t\t\t\t\t<img decoding=\"async\" src=\"https:\/\/coplweb.ca\/wp-content\/uploads\/2022\/07\/quesada-nicolas_Polytechnique-Mtl-e1659018133637.jpg\" class=\"membre-photo\">\n\t\t\t\t<div class=\"membre-infos\">\n\t\t\t<h4>Nicolas Quesada<\/h4>\n\t\t\t<p class=\"noMarg italic\">Polytechnique Montr\u00e9al<\/p>\n\t\t<\/div>\n\t<\/div>\n\t\t\t<div class=\"membre grid-45 noPad\">\n\t\t\t\t\t<img decoding=\"async\" src=\"https:\/\/coplweb.ca\/wp-content\/uploads\/2022\/02\/Lawrence-Chen_McGill.jpg\" class=\"membre-photo\">\n\t\t\t\t<div class=\"membre-infos\">\n\t\t\t<h4>Lawrence Chen <\/h4>\n\t\t\t<p class=\"noMarg italic\">McGill University <\/p>\n\t\t<\/div>\n\t<\/div>\n\t\t\t<div class=\"membre grid-45 noPad\">\n\t\t\t\t\t<img decoding=\"async\" src=\"https:\/\/coplweb.ca\/wp-content\/uploads\/2022\/07\/ETS-Cloutier-Sylvain-001-e1665600971491.jpg\" class=\"membre-photo\">\n\t\t\t\t<div class=\"membre-infos\">\n\t\t\t<h4>Sylvain G. Cloutier<\/h4>\n\t\t\t<p class=\"noMarg italic\">\u00c9cole de technologie sup\u00e9rieure (ETS) Montreal<\/p>\n\t\t<\/div>\n\t<\/div>\n\t\t\t<div class=\"membre grid-45 noPad\">\n\t\t\t\t\t<img decoding=\"async\" src=\"https:\/\/coplweb.ca\/wp-content\/uploads\/2022\/02\/Daniel-Cote_crop-e1659020087927.jpg\" class=\"membre-photo\">\n\t\t\t\t<div class=\"membre-infos\">\n\t\t\t<h4>Daniel C\u00f4t\u00e9 (director)<\/h4>\n\t\t\t<p class=\"noMarg italic\">Universit\u00e9 Laval<\/p>\n\t\t<\/div>\n\t<\/div>\n\t\t<\/div>\n\n<h2>Assembly of Members<\/h2>\n<p>The Assembly of Members consists of all participating university researchers, two graduate student representatives, one postdoctoral and research scientist representative and one representative from the technical and administrative staff. The assembly&#8217;s main role is to evaluate and approve projects proposed by the Management Committee regarding the COPL&#8217;s strategic directions and nature.<\/p>\n<div class=\"membres grid-100 noPad\">\n\t<div class=\"membres-cateogrie flex wrap grid-100 noPad margB20\">\n\t\t<div class=\"grid-100 noPad\">\n\t\t\t<h3>Graduate student representatives<\/h3>\n\t\t<\/div>\n\n\t\t\t\t\t\t\t\t<div class=\"membre grid-45 noPad\">\n\t\t\t\t\t\t<img decoding=\"async\" src=\"https:\/\/coplweb.ca\/wp-content\/uploads\/2025\/08\/photo_cropped_William_Bisson.webp\" class=\"membre-photo\">\n\t\t\t\t\t\t<div class=\"membre-infos\">\n\t\t\t\t<h4>Asma Mimouni<\/h4>\n\t\t\t\t<p class=\"noMarg italic\">\u00c9cole de technologie sup\u00e9rieure (\u00c9TS) Montr\u00e9al <\/p>\n\t\t\t<\/div>\n\t\t<\/div>\n\t\t\t\t\t\t<div class=\"membre grid-45 noPad\">\n\t\t\t\t\t\t<img decoding=\"async\" src=\"https:\/\/coplweb.ca\/wp-content\/uploads\/2025\/08\/William-Bisson.jpg\" class=\"membre-photo\">\n\t\t\t\t\t\t<div class=\"membre-infos\">\n\t\t\t\t<h4>William Bisson <\/h4>\n\t\t\t\t<p class=\"noMarg italic\">Universit\u00e9 Laval <\/p>\n\t\t\t<\/div>\n\t\t<\/div>\n\t\t\t\t\t\t<div class=\"membre grid-45 noPad\">\n\t\t\t\t\t\t<img decoding=\"async\" src=\"https:\/\/coplweb.ca\/wp-content\/uploads\/2025\/08\/Gisell-Osorio_-Poly.jpeg\" class=\"membre-photo\">\n\t\t\t\t\t\t<div class=\"membre-infos\">\n\t\t\t\t<h4>Gisell Osorio <\/h4>\n\t\t\t\t<p class=\"noMarg italic\">Polytechnique Montr\u00e9al <\/p>\n\t\t\t<\/div>\n\t\t<\/div>\n\t\t\t\t\t\t<div class=\"membre grid-45 noPad\">\n\t\t\t\t\t\t<img decoding=\"async\" src=\"https:\/\/coplweb.ca\/wp-content\/uploads\/2025\/08\/Vincent-Quenneville-Guay.jpeg\" class=\"membre-photo\">\n\t\t\t\t\t\t<div class=\"membre-infos\">\n\t\t\t\t<h4>Vincent Quenneville-Guay<\/h4>\n\t\t\t\t<p class=\"noMarg italic\">Institut national de la recherche scientifique (INRS)<\/p>\n\t\t\t<\/div>\n\t\t<\/div>\n\t\t\t<\/div>\n\t<div class=\"membres-cateogrie flex wrap grid-100 noPad margB20\">\n\t\t<div class=\"grid-100 noPad\">\n\t\t\t<h3>Research scientist and post-doctoral researcher representative<\/h3>\n\t\t<\/div>\n\n\t\t\t\t\t\t\t\t<div class=\"membre grid-45 noPad\">\n\t\t\t\t\t\t<img decoding=\"async\" src=\"https:\/\/coplweb.ca\/wp-content\/uploads\/2022\/07\/Heide-Ibrahim-INRS-e1659367930231.png\" class=\"membre-photo\">\n\t\t\t\t\t\t<div class=\"membre-infos\">\n\t\t\t\t<h4>Heide Ibrahim<\/h4>\n\t\t\t\t<p class=\"noMarg italic\">INRS<\/p>\n\t\t\t<\/div>\n\t\t<\/div>\n\t\t\t<\/div>\n\t<div class=\"membres-cateogrie flex wrap grid-100 noPad margB20\">\n\t\t<div class=\"grid-100 noPad\">\n\t\t\t<h3>Technical and administrative staff representative<\/h3>\n\t\t<\/div>\n\n\t\t\t\t\t\t\t\t<div class=\"membre grid-45 noPad\">\n\t\t\t\t\t\t<img decoding=\"async\" src=\"https:\/\/coplweb.ca\/wp-content\/uploads\/2022\/07\/Stephan-Gagnon-scaled-e1659367999797.jpg\" class=\"membre-photo\">\n\t\t\t\t\t\t<div class=\"membre-infos\">\n\t\t\t\t<h4>St\u00e9phan Gagnon<\/h4>\n\t\t\t\t<p class=\"noMarg italic\">Universit\u00e9 Laval<\/p>\n\t\t\t<\/div>\n\t\t<\/div>\n\t\t\t<\/div>\n<\/div>\n\n","protected":false},"excerpt":{"rendered":"<p>The governance of the COPL is simple and straightforward and ensures that the activities of the strategic cluster are carried out in accordance with its mission in terms of training, research and support for the optics-photonics sector. Its structure ensures sound financial and administrative management. Management Committee The COPL Management Committee is composed of 7 &#8230; <a title=\"Governance\" class=\"read-more\" href=\"https:\/\/coplweb.ca\/en\/about-us\/governance\/\" aria-label=\"Read more about Governance\"> <\/a><\/p>\n","protected":false},"author":1,"featured_media":0,"parent":1397,"menu_order":1,"comment_status":"closed","ping_status":"closed","template":"template-base.php","meta":{"_acf_changed":false,"footnotes":""},"class_list":["post-1398","page","type-page","status-publish"],"acf":[],"yoast_head":"<!-- This site is optimized with the Yoast SEO plugin v24.4 - https:\/\/yoast.com\/wordpress\/plugins\/seo\/ -->\r\n<title>Governance - COPL<\/title>\r\n<meta name=\"robots\" content=\"index, follow, max-snippet:-1, max-image-preview:large, max-video-preview:-1\" \/>\r\n<link rel=\"canonical\" href=\"https:\/\/coplweb.ca\/en\/about-us\/governance\/\" \/>\r\n<meta property=\"og:locale\" content=\"en_US\" \/>\r\n<meta property=\"og:type\" content=\"article\" \/>\r\n<meta property=\"og:title\" content=\"Governance - COPL\" \/>\r\n<meta property=\"og:description\" content=\"The governance of the COPL is simple and straightforward and ensures that the activities of the strategic cluster are carried out in accordance with its mission in terms of training, research and support for the optics-photonics sector. Its structure ensures sound financial and administrative management. Management Committee The COPL Management Committee is composed of 7 ...\" \/>\r\n<meta property=\"og:url\" content=\"https:\/\/coplweb.ca\/en\/about-us\/governance\/\" \/>\r\n<meta property=\"og:site_name\" content=\"COPL\" \/>\r\n<meta property=\"article:modified_time\" content=\"2026-02-26T20:10:33+00:00\" \/>\r\n<meta name=\"twitter:card\" content=\"summary_large_image\" \/>\r\n<script type=\"application\/ld+json\" class=\"yoast-schema-graph\">{\"@context\":\"https:\/\/schema.org\",\"@graph\":[{\"@type\":\"WebPage\",\"@id\":\"https:\/\/coplweb.ca\/en\/about-us\/governance\/\",\"url\":\"https:\/\/coplweb.ca\/en\/about-us\/governance\/\",\"name\":\"Governance - COPL\",\"isPartOf\":{\"@id\":\"https:\/\/coplweb.ca\/#website\"},\"datePublished\":\"2021-09-09T17:29:01+00:00\",\"dateModified\":\"2026-02-26T20:10:33+00:00\",\"breadcrumb\":{\"@id\":\"https:\/\/coplweb.ca\/en\/about-us\/governance\/#breadcrumb\"},\"inLanguage\":\"en-US\",\"potentialAction\":[{\"@type\":\"ReadAction\",\"target\":[\"https:\/\/coplweb.ca\/en\/about-us\/governance\/\"]}]},{\"@type\":\"BreadcrumbList\",\"@id\":\"https:\/\/coplweb.ca\/en\/about-us\/governance\/#breadcrumb\",\"itemListElement\":[{\"@type\":\"ListItem\",\"position\":1,\"name\":\"Accueil\",\"item\":\"https:\/\/coplweb.ca\/en\/\"},{\"@type\":\"ListItem\",\"position\":2,\"name\":\"About us\",\"item\":\"https:\/\/coplweb.ca\/en\/about-us\/\"},{\"@type\":\"ListItem\",\"position\":3,\"name\":\"Governance\"}]},{\"@type\":\"WebSite\",\"@id\":\"https:\/\/coplweb.ca\/#website\",\"url\":\"https:\/\/coplweb.ca\/\",\"name\":\"COPL\",\"description\":\"Regroupement strat\u00e9gique des experts qu\u00e9b\u00e9cois de l&#039;optique et de la photonique\",\"publisher\":{\"@id\":\"https:\/\/coplweb.ca\/#organization\"},\"potentialAction\":[{\"@type\":\"SearchAction\",\"target\":{\"@type\":\"EntryPoint\",\"urlTemplate\":\"https:\/\/coplweb.ca\/?s={search_term_string}\"},\"query-input\":{\"@type\":\"PropertyValueSpecification\",\"valueRequired\":true,\"valueName\":\"search_term_string\"}}],\"inLanguage\":\"en-US\"},{\"@type\":\"Organization\",\"@id\":\"https:\/\/coplweb.ca\/#organization\",\"name\":\"COPL - Centre d'optique, photonique et lasers\",\"url\":\"https:\/\/coplweb.ca\/\",\"logo\":{\"@type\":\"ImageObject\",\"inLanguage\":\"en-US\",\"@id\":\"https:\/\/coplweb.ca\/#\/schema\/logo\/image\/\",\"url\":\"https:\/\/coplweb.ca\/wp-content\/uploads\/2022\/10\/cropped-COPL_Centre-d-optique-photonique-et-lasers_Logo-rouge.png\",\"contentUrl\":\"https:\/\/coplweb.ca\/wp-content\/uploads\/2022\/10\/cropped-COPL_Centre-d-optique-photonique-et-lasers_Logo-rouge.png\",\"width\":1068,\"height\":412,\"caption\":\"COPL - Centre d'optique, photonique et lasers\"},\"image\":{\"@id\":\"https:\/\/coplweb.ca\/#\/schema\/logo\/image\/\"}}]}<\/script>\r\n<!-- \/ Yoast SEO plugin. -->","yoast_head_json":{"title":"Governance - COPL","robots":{"index":"index","follow":"follow","max-snippet":"max-snippet:-1","max-image-preview":"max-image-preview:large","max-video-preview":"max-video-preview:-1"},"canonical":"https:\/\/coplweb.ca\/en\/about-us\/governance\/","og_locale":"en_US","og_type":"article","og_title":"Governance - COPL","og_description":"The governance of the COPL is simple and straightforward and ensures that the activities of the strategic cluster are carried out in accordance with its mission in terms of training, research and support for the optics-photonics sector. Its structure ensures sound financial and administrative management. Management Committee The COPL Management Committee is composed of 7 ...","og_url":"https:\/\/coplweb.ca\/en\/about-us\/governance\/","og_site_name":"COPL","article_modified_time":"2026-02-26T20:10:33+00:00","twitter_card":"summary_large_image","schema":{"@context":"https:\/\/schema.org","@graph":[{"@type":"WebPage","@id":"https:\/\/coplweb.ca\/en\/about-us\/governance\/","url":"https:\/\/coplweb.ca\/en\/about-us\/governance\/","name":"Governance - COPL","isPartOf":{"@id":"https:\/\/coplweb.ca\/#website"},"datePublished":"2021-09-09T17:29:01+00:00","dateModified":"2026-02-26T20:10:33+00:00","breadcrumb":{"@id":"https:\/\/coplweb.ca\/en\/about-us\/governance\/#breadcrumb"},"inLanguage":"en-US","potentialAction":[{"@type":"ReadAction","target":["https:\/\/coplweb.ca\/en\/about-us\/governance\/"]}]},{"@type":"BreadcrumbList","@id":"https:\/\/coplweb.ca\/en\/about-us\/governance\/#breadcrumb","itemListElement":[{"@type":"ListItem","position":1,"name":"Accueil","item":"https:\/\/coplweb.ca\/en\/"},{"@type":"ListItem","position":2,"name":"About us","item":"https:\/\/coplweb.ca\/en\/about-us\/"},{"@type":"ListItem","position":3,"name":"Governance"}]},{"@type":"WebSite","@id":"https:\/\/coplweb.ca\/#website","url":"https:\/\/coplweb.ca\/","name":"COPL","description":"Regroupement strat\u00e9gique des experts qu\u00e9b\u00e9cois de l&#039;optique et de la photonique","publisher":{"@id":"https:\/\/coplweb.ca\/#organization"},"potentialAction":[{"@type":"SearchAction","target":{"@type":"EntryPoint","urlTemplate":"https:\/\/coplweb.ca\/?s={search_term_string}"},"query-input":{"@type":"PropertyValueSpecification","valueRequired":true,"valueName":"search_term_string"}}],"inLanguage":"en-US"},{"@type":"Organization","@id":"https:\/\/coplweb.ca\/#organization","name":"COPL - Centre d'optique, photonique et lasers","url":"https:\/\/coplweb.ca\/","logo":{"@type":"ImageObject","inLanguage":"en-US","@id":"https:\/\/coplweb.ca\/#\/schema\/logo\/image\/","url":"https:\/\/coplweb.ca\/wp-content\/uploads\/2022\/10\/cropped-COPL_Centre-d-optique-photonique-et-lasers_Logo-rouge.png","contentUrl":"https:\/\/coplweb.ca\/wp-content\/uploads\/2022\/10\/cropped-COPL_Centre-d-optique-photonique-et-lasers_Logo-rouge.png","width":1068,"height":412,"caption":"COPL - Centre d'optique, photonique et lasers"},"image":{"@id":"https:\/\/coplweb.ca\/#\/schema\/logo\/image\/"}}]}},"_links":{"self":[{"href":"https:\/\/coplweb.ca\/en\/wp-json\/wp\/v2\/pages\/1398","targetHints":{"allow":["GET"]}}],"collection":[{"href":"https:\/\/coplweb.ca\/en\/wp-json\/wp\/v2\/pages"}],"about":[{"href":"https:\/\/coplweb.ca\/en\/wp-json\/wp\/v2\/types\/page"}],"author":[{"embeddable":true,"href":"https:\/\/coplweb.ca\/en\/wp-json\/wp\/v2\/users\/1"}],"replies":[{"embeddable":true,"href":"https:\/\/coplweb.ca\/en\/wp-json\/wp\/v2\/comments?post=1398"}],"version-history":[{"count":18,"href":"https:\/\/coplweb.ca\/en\/wp-json\/wp\/v2\/pages\/1398\/revisions"}],"predecessor-version":[{"id":5996,"href":"https:\/\/coplweb.ca\/en\/wp-json\/wp\/v2\/pages\/1398\/revisions\/5996"}],"up":[{"embeddable":true,"href":"https:\/\/coplweb.ca\/en\/wp-json\/wp\/v2\/pages\/1397"}],"wp:attachment":[{"href":"https:\/\/coplweb.ca\/en\/wp-json\/wp\/v2\/media?parent=1398"}],"curies":[{"name":"wp","href":"https:\/\/api.w.org\/{rel}","templated":true}]}}