{"id":1397,"date":"2021-09-09T17:30:54","date_gmt":"2021-09-09T17:30:54","guid":{"rendered":"https:\/\/coplweb.ca\/about-us\/"},"modified":"2023-09-27T19:10:34","modified_gmt":"2023-09-27T19:10:34","slug":"about-us","status":"publish","type":"page","link":"https:\/\/coplweb.ca\/en\/about-us\/","title":{"rendered":"About us"},"content":{"rendered":"<p><span style=\"font-weight: 400;\">The Centre for Optics, Photonics and Lasers (COPL) is a strategic cluster of researchers from 8 Quebec universities sharing common objectives in teaching, research and innovation.<\/span><\/p>\n<p><span style=\"font-weight: 400;\"><img loading=\"lazy\" decoding=\"async\" class=\" wp-image-537 alignright\" src=\"https:\/\/coplweb.ca\/wp-content\/uploads\/2022\/02\/LOGO_Fonds-de-recherche_Nature-et-technologies-300x103.png\" alt=\"\" width=\"218\" height=\"75\" srcset=\"https:\/\/coplweb.ca\/wp-content\/uploads\/2022\/02\/LOGO_Fonds-de-recherche_Nature-et-technologies-300x103.png 300w, https:\/\/coplweb.ca\/wp-content\/uploads\/2022\/02\/LOGO_Fonds-de-recherche_Nature-et-technologies.png 435w\" sizes=\"auto, (max-width: 218px) 100vw, 218px\" \/>The activities of COPL are supported by the Fonds de recherche sur la nature et les technologies du Qu\u00e9bec (FQRNT).<br \/>\n<\/span><\/p>\n<h2>Our Institutional Members<\/h2>\n\t<div class=\"etablissements-logos flex wrap margB20\">\n\n\t<div class=\"etablissement-logo grid-25 flex align-items-center\">\n\t\t<a href=\"https:\/\/coplweb.ca\/en\/infrastructures\/universite-du-quebec-a-trois-rivieres\/\">\n\t\t\t<img loading=\"lazy\" decoding=\"async\" width=\"1246\" height=\"485\" src=\"https:\/\/coplweb.ca\/wp-content\/uploads\/2022\/03\/h-UQTR-e1646417280799.jpg\" class=\"attachment-post-thumbnail size-post-thumbnail wp-post-image\" alt=\"\" srcset=\"https:\/\/coplweb.ca\/wp-content\/uploads\/2022\/03\/h-UQTR-e1646417280799.jpg 1246w, https:\/\/coplweb.ca\/wp-content\/uploads\/2022\/03\/h-UQTR-e1646417280799-300x117.jpg 300w, https:\/\/coplweb.ca\/wp-content\/uploads\/2022\/03\/h-UQTR-e1646417280799-1024x399.jpg 1024w, https:\/\/coplweb.ca\/wp-content\/uploads\/2022\/03\/h-UQTR-e1646417280799-768x299.jpg 768w\" sizes=\"auto, (max-width: 1246px) 100vw, 1246px\" \/>\t\t<\/a>\n\t<\/div>\n\n\t<div class=\"etablissement-logo grid-25 flex align-items-center\">\n\t\t<a href=\"https:\/\/coplweb.ca\/en\/infrastructures\/universite-laval\/\">\n\t\t\t<img loading=\"lazy\" decoding=\"async\" width=\"286\" height=\"125\" src=\"https:\/\/coplweb.ca\/wp-content\/uploads\/2021\/09\/COPL_Etablissement_Universite-Laval.png\" class=\"attachment-post-thumbnail size-post-thumbnail wp-post-image\" alt=\"COPL - Etablissement - Universit\u00e9 Laval\" \/>\t\t<\/a>\n\t<\/div>\n\n\t<div class=\"etablissement-logo grid-25 flex align-items-center\">\n\t\t<a href=\"https:\/\/coplweb.ca\/en\/infrastructures\/ecole-polytechnique-de-montreal\/\">\n\t\t\t<img loading=\"lazy\" decoding=\"async\" width=\"285\" height=\"115\" src=\"https:\/\/coplweb.ca\/wp-content\/uploads\/2021\/09\/COPL_Etablissement_Ecole-Polytechnique-de-Montreal.png\" class=\"attachment-post-thumbnail size-post-thumbnail wp-post-image\" alt=\"COPL - Etablissement - Ecole Polytechnique de Montreal\" \/>\t\t<\/a>\n\t<\/div>\n\n\t<div class=\"etablissement-logo grid-25 flex align-items-center\">\n\t\t<a href=\"https:\/\/coplweb.ca\/en\/infrastructures\/universite-de-sherbrooke\/\">\n\t\t\t<img loading=\"lazy\" decoding=\"async\" width=\"462\" height=\"77\" src=\"https:\/\/coplweb.ca\/wp-content\/uploads\/2021\/09\/COPL_Etablissement_Universite-de-sherbrooke.png\" class=\"attachment-post-thumbnail size-post-thumbnail wp-post-image\" alt=\"COPL - Etablissement - Universit\u00e9 de Sherbrooke\" srcset=\"https:\/\/coplweb.ca\/wp-content\/uploads\/2021\/09\/COPL_Etablissement_Universite-de-sherbrooke.png 462w, https:\/\/coplweb.ca\/wp-content\/uploads\/2021\/09\/COPL_Etablissement_Universite-de-sherbrooke-300x50.png 300w\" sizes=\"auto, (max-width: 462px) 100vw, 462px\" \/>\t\t<\/a>\n\t<\/div>\n\n\t<div class=\"etablissement-logo grid-25 flex align-items-center\">\n\t\t<a href=\"https:\/\/coplweb.ca\/en\/infrastructures\/ets\/\">\n\t\t\t<img loading=\"lazy\" decoding=\"async\" width=\"223\" height=\"149\" src=\"https:\/\/coplweb.ca\/wp-content\/uploads\/2021\/09\/COPL_Etablissement_ETS.png\" class=\"attachment-post-thumbnail size-post-thumbnail wp-post-image\" alt=\"COPL - Etablissement - \u00c9TS\" \/>\t\t<\/a>\n\t<\/div>\n\n\t<div class=\"etablissement-logo grid-25 flex align-items-center\">\n\t\t<a href=\"https:\/\/coplweb.ca\/en\/infrastructures\/inrs\/\">\n\t\t\t<img loading=\"lazy\" decoding=\"async\" width=\"265\" height=\"170\" src=\"https:\/\/coplweb.ca\/wp-content\/uploads\/2021\/09\/COPL_Etablissement_INRS.png\" class=\"attachment-post-thumbnail size-post-thumbnail wp-post-image\" alt=\"COPL - Etablissement - INRS\" \/>\t\t<\/a>\n\t<\/div>\n\n\t<div class=\"etablissement-logo grid-25 flex align-items-center\">\n\t\t<a href=\"https:\/\/coplweb.ca\/en\/infrastructures\/mcgill\/\">\n\t\t\t<img loading=\"lazy\" decoding=\"async\" width=\"328\" height=\"88\" src=\"https:\/\/coplweb.ca\/wp-content\/uploads\/2021\/09\/COPL_Etablissement_McGill.png\" class=\"attachment-post-thumbnail size-post-thumbnail wp-post-image\" alt=\"COPL - Etablissement - McGill\" srcset=\"https:\/\/coplweb.ca\/wp-content\/uploads\/2021\/09\/COPL_Etablissement_McGill.png 328w, https:\/\/coplweb.ca\/wp-content\/uploads\/2021\/09\/COPL_Etablissement_McGill-300x80.png 300w\" sizes=\"auto, (max-width: 328px) 100vw, 328px\" \/>\t\t<\/a>\n\t<\/div>\n\n\t<div class=\"etablissement-logo grid-25 flex align-items-center\">\n\t\t<a href=\"https:\/\/coplweb.ca\/en\/infrastructures\/concordia\/\">\n\t\t\t<img loading=\"lazy\" decoding=\"async\" width=\"1200\" height=\"285\" src=\"https:\/\/coplweb.ca\/wp-content\/uploads\/2021\/09\/Concordia.jpg\" class=\"attachment-post-thumbnail size-post-thumbnail wp-post-image\" alt=\"\" srcset=\"https:\/\/coplweb.ca\/wp-content\/uploads\/2021\/09\/Concordia.jpg 1200w, https:\/\/coplweb.ca\/wp-content\/uploads\/2021\/09\/Concordia-300x71.jpg 300w, https:\/\/coplweb.ca\/wp-content\/uploads\/2021\/09\/Concordia-1024x243.jpg 1024w, https:\/\/coplweb.ca\/wp-content\/uploads\/2021\/09\/Concordia-768x182.jpg 768w\" sizes=\"auto, (max-width: 1200px) 100vw, 1200px\" \/>\t\t<\/a>\n\t<\/div>\n<\/div>\n\n<h2><strong>Who we are<\/strong><\/h2>\n<p>The Centre for Optics, Photonics and Lasers (COPL) is a strategic cluster of research teams located in 8 universities in Quebec. Funded by the Fonds de recherche qu\u00e9b\u00e9cois en nature et technologies (FRQNT), the COPL contributes to the evolution of knowledge and technologies in optics-photonics and to the training of a new generation of high caliber scientists.<\/p>\n<p>Because of the interdisciplinary nature of its research activities, COPL brings together professors-researchers with diverse expertise, and their teams, including students, postdoctoral fellows and research professionals, who are pursuing research related to its themes at partner academic institutions.<\/p>\n<p>Already well established and organized for over three decades, the COPL is in a unique position to coordinate and lead university research activities in this fast-growing sector throughout Quebec.<\/p>\n<h2>Our vision<\/h2>\n<p>Create a collaborative, interdisciplinary research environment, offering inclusive and accessible training, that will result in breakthrough discoveries and innovative technologies, multiplying the benefits of photonics and enabling the next generation to contribute fully to the development of knowledge and the socio-economic future of Quebec society.<\/p>\n<h2 data-pm-slice=\"1 1 []\">Our Objectives<\/h2>\n<h3 data-pm-slice=\"1 1 []\">To train students at the Master\u2019s, PhD and postdoctoral levels<\/h3>\n<p data-pm-slice=\"1 1 []\">COPL&#8217;s community of professor-researchers are committed to providing high-calibre training to their students. Students benefit from rigorous supervision in state-of-the-art research facilities within experienced teams. In addition, they are given the opportunity to take advantage of internships in industry and to participate in international conferences. COPL also organizes activities for them to acquire soft skills (scientific communication, development of a professional network, organization of conferences, entrepreneurship, etc.). All COPL graduates easily find a rewarding job in their chosen field.<\/p>\n<h3 data-pm-slice=\"1 1 []\">Perform fundamental and applied research<\/h3>\n<p data-pm-slice=\"1 1 []\">COPL researchers are engaged in activities aimed at redefining the boundaries of knowledge in optics-photonics and at developing innovative technologies to meet the needs of industry and the needs of the applied research community. The outcome of their research published in numerous peer-reviewed journals have, since 2017, garnered over 133,000 citations, clear evidence of the impact of their work.<\/p>\n<h3 data-pm-slice=\"1 1 []\">Contribute to socio-economic development by supporting industry<\/h3>\n<p data-pm-slice=\"1 1 []\">The COPL contributes to the growth of optics-photonics in Quebec by training scientists and engineers who have so far enhanced the workforce of over 200 companies active in this field in the province, not to mention the many research organizations and institutes that complete the landscape. Since 2000, COPL has also been the driving force behind 22 spin-off companies. Many of the technologies developed at COPL have applications in the life sciences, advanced manufacturing, communications, metrology, environmental sciences, and robotics, to name but a few.<\/p>\n<h2 data-pm-slice=\"1 1 []\">Our history<\/h2>\n<p><img loading=\"lazy\" decoding=\"async\" class=\" wp-image-940 alignnone\" src=\"https:\/\/coplweb.ca\/wp-content\/uploads\/2022\/02\/COPL-30-ans-_2019-300x143.jpg\" alt=\"\" width=\"201\" height=\"96\" srcset=\"https:\/\/coplweb.ca\/wp-content\/uploads\/2022\/02\/COPL-30-ans-_2019-300x143.jpg 300w, https:\/\/coplweb.ca\/wp-content\/uploads\/2022\/02\/COPL-30-ans-_2019.jpg 568w\" sizes=\"auto, (max-width: 201px) 100vw, 201px\" \/><\/p>\n<p data-pm-slice=\"1 1 []\">The COPL was founded in 1989 by researchers in optics at Universit\u00e9 Laval. In 2002, the COPL became multi-institutional with the addition of researchers from Polytechnique Montr\u00e9al. Gradually, the Centre has evolved towards a greater multidisciplinarity with the arrival of chemists and life science specialists. The extraordinary vitality of the field witnessed in recent years has justified the COPL&#8217;s continued growth. This enables Quebec to maintain its position as a Canadian leader in research and innovation in the field. Over the years, the Centre has added new members not only at Universit\u00e9 Laval and Polytechnique Montr\u00e9al, but also at McGill University, INRS, Universit\u00e9 de Sherbrooke, \u00c9cole de technologie sup\u00e9rieure, Concordia University and more recently at UQTR. Since 2008, some thirty professor-researchers have joined the ranks of COPL, reaching a critic mass of 50 professors-researchers, giving it new energy and ensuring that it meets the many needs of our innovative society.<\/p>\n","protected":false},"excerpt":{"rendered":"<p>The Centre for Optics, Photonics and Lasers (COPL) is a strategic cluster of researchers from 8 Quebec universities sharing common objectives in teaching, research and innovation. The activities of COPL are supported by the Fonds de recherche sur la nature et les technologies du Qu\u00e9bec (FQRNT). Our Institutional Members Who we are The Centre for &#8230; <a title=\"Concordia University\" class=\"read-more\" href=\"https:\/\/coplweb.ca\/en\/infrastructures\/concordia\/\" aria-label=\"Read more about Concordia University\"> <\/a><\/p>\n","protected":false},"author":1,"featured_media":0,"parent":0,"menu_order":2,"comment_status":"closed","ping_status":"closed","template":"template-base.php","meta":{"_acf_changed":false,"footnotes":""},"class_list":["post-1397","page","type-page","status-publish","hentry"],"acf":[],"yoast_head":"<!-- This site is optimized with the Yoast SEO plugin v24.4 - https:\/\/yoast.com\/wordpress\/plugins\/seo\/ -->\r\n<title>About us - COPL<\/title>\r\n<meta name=\"robots\" content=\"index, follow, max-snippet:-1, max-image-preview:large, max-video-preview:-1\" \/>\r\n<link rel=\"canonical\" href=\"https:\/\/coplweb.ca\/en\/about-us\/\" \/>\r\n<meta property=\"og:locale\" content=\"en_US\" \/>\r\n<meta property=\"og:type\" content=\"article\" \/>\r\n<meta property=\"og:title\" content=\"About us - COPL\" \/>\r\n<meta property=\"og:description\" content=\"The Centre for Optics, Photonics and Lasers (COPL) is a strategic cluster of researchers from 8 Quebec universities sharing common objectives in teaching, research and innovation. The activities of COPL are supported by the Fonds de recherche sur la nature et les technologies du Qu\u00e9bec (FQRNT). Our Institutional Members Who we are The Centre for ...\" \/>\r\n<meta property=\"og:url\" content=\"https:\/\/coplweb.ca\/en\/about-us\/\" \/>\r\n<meta property=\"og:site_name\" content=\"COPL\" \/>\r\n<meta property=\"article:modified_time\" content=\"2023-09-27T19:10:34+00:00\" \/>\r\n<meta property=\"og:image\" content=\"https:\/\/coplweb.ca\/wp-content\/uploads\/2022\/02\/LOGO_Fonds-de-recherche_Nature-et-technologies-300x103.png\" \/>\r\n<meta name=\"twitter:card\" content=\"summary_large_image\" \/>\r\n<script type=\"application\/ld+json\" class=\"yoast-schema-graph\">{\"@context\":\"https:\/\/schema.org\",\"@graph\":[{\"@type\":\"WebPage\",\"@id\":\"https:\/\/coplweb.ca\/en\/about-us\/\",\"url\":\"https:\/\/coplweb.ca\/en\/about-us\/\",\"name\":\"About us - COPL\",\"isPartOf\":{\"@id\":\"https:\/\/coplweb.ca\/#website\"},\"primaryImageOfPage\":{\"@id\":\"https:\/\/coplweb.ca\/en\/about-us\/#primaryimage\"},\"image\":{\"@id\":\"https:\/\/coplweb.ca\/en\/about-us\/#primaryimage\"},\"thumbnailUrl\":\"https:\/\/coplweb.ca\/wp-content\/uploads\/2022\/02\/LOGO_Fonds-de-recherche_Nature-et-technologies-300x103.png\",\"datePublished\":\"2021-09-09T17:30:54+00:00\",\"dateModified\":\"2023-09-27T19:10:34+00:00\",\"breadcrumb\":{\"@id\":\"https:\/\/coplweb.ca\/en\/about-us\/#breadcrumb\"},\"inLanguage\":\"en-US\",\"potentialAction\":[{\"@type\":\"ReadAction\",\"target\":[\"https:\/\/coplweb.ca\/en\/about-us\/\"]}]},{\"@type\":\"ImageObject\",\"inLanguage\":\"en-US\",\"@id\":\"https:\/\/coplweb.ca\/en\/about-us\/#primaryimage\",\"url\":\"https:\/\/coplweb.ca\/wp-content\/uploads\/2022\/02\/LOGO_Fonds-de-recherche_Nature-et-technologies-300x103.png\",\"contentUrl\":\"https:\/\/coplweb.ca\/wp-content\/uploads\/2022\/02\/LOGO_Fonds-de-recherche_Nature-et-technologies-300x103.png\"},{\"@type\":\"BreadcrumbList\",\"@id\":\"https:\/\/coplweb.ca\/en\/about-us\/#breadcrumb\",\"itemListElement\":[{\"@type\":\"ListItem\",\"position\":1,\"name\":\"Accueil\",\"item\":\"https:\/\/coplweb.ca\/en\/\"},{\"@type\":\"ListItem\",\"position\":2,\"name\":\"About us\"}]},{\"@type\":\"WebSite\",\"@id\":\"https:\/\/coplweb.ca\/#website\",\"url\":\"https:\/\/coplweb.ca\/\",\"name\":\"COPL\",\"description\":\"Regroupement strat\u00e9gique des experts qu\u00e9b\u00e9cois de l&#039;optique et de la photonique\",\"publisher\":{\"@id\":\"https:\/\/coplweb.ca\/#organization\"},\"potentialAction\":[{\"@type\":\"SearchAction\",\"target\":{\"@type\":\"EntryPoint\",\"urlTemplate\":\"https:\/\/coplweb.ca\/?s={search_term_string}\"},\"query-input\":{\"@type\":\"PropertyValueSpecification\",\"valueRequired\":true,\"valueName\":\"search_term_string\"}}],\"inLanguage\":\"en-US\"},{\"@type\":\"Organization\",\"@id\":\"https:\/\/coplweb.ca\/#organization\",\"name\":\"COPL - Centre d'optique, photonique et lasers\",\"url\":\"https:\/\/coplweb.ca\/\",\"logo\":{\"@type\":\"ImageObject\",\"inLanguage\":\"en-US\",\"@id\":\"https:\/\/coplweb.ca\/#\/schema\/logo\/image\/\",\"url\":\"https:\/\/coplweb.ca\/wp-content\/uploads\/2022\/10\/cropped-COPL_Centre-d-optique-photonique-et-lasers_Logo-rouge.png\",\"contentUrl\":\"https:\/\/coplweb.ca\/wp-content\/uploads\/2022\/10\/cropped-COPL_Centre-d-optique-photonique-et-lasers_Logo-rouge.png\",\"width\":1068,\"height\":412,\"caption\":\"COPL - Centre d'optique, photonique et lasers\"},\"image\":{\"@id\":\"https:\/\/coplweb.ca\/#\/schema\/logo\/image\/\"}}]}<\/script>\r\n<!-- \/ Yoast SEO plugin. -->","yoast_head_json":{"title":"About us - COPL","robots":{"index":"index","follow":"follow","max-snippet":"max-snippet:-1","max-image-preview":"max-image-preview:large","max-video-preview":"max-video-preview:-1"},"canonical":"https:\/\/coplweb.ca\/en\/about-us\/","og_locale":"en_US","og_type":"article","og_title":"About us - COPL","og_description":"The Centre for Optics, Photonics and Lasers (COPL) is a strategic cluster of researchers from 8 Quebec universities sharing common objectives in teaching, research and innovation. The activities of COPL are supported by the Fonds de recherche sur la nature et les technologies du Qu\u00e9bec (FQRNT). Our Institutional Members Who we are The Centre for ...","og_url":"https:\/\/coplweb.ca\/en\/about-us\/","og_site_name":"COPL","article_modified_time":"2023-09-27T19:10:34+00:00","og_image":[{"url":"https:\/\/coplweb.ca\/wp-content\/uploads\/2022\/02\/LOGO_Fonds-de-recherche_Nature-et-technologies-300x103.png","type":"","width":"","height":""}],"twitter_card":"summary_large_image","schema":{"@context":"https:\/\/schema.org","@graph":[{"@type":"WebPage","@id":"https:\/\/coplweb.ca\/en\/about-us\/","url":"https:\/\/coplweb.ca\/en\/about-us\/","name":"About us - COPL","isPartOf":{"@id":"https:\/\/coplweb.ca\/#website"},"primaryImageOfPage":{"@id":"https:\/\/coplweb.ca\/en\/about-us\/#primaryimage"},"image":{"@id":"https:\/\/coplweb.ca\/en\/about-us\/#primaryimage"},"thumbnailUrl":"https:\/\/coplweb.ca\/wp-content\/uploads\/2022\/02\/LOGO_Fonds-de-recherche_Nature-et-technologies-300x103.png","datePublished":"2021-09-09T17:30:54+00:00","dateModified":"2023-09-27T19:10:34+00:00","breadcrumb":{"@id":"https:\/\/coplweb.ca\/en\/about-us\/#breadcrumb"},"inLanguage":"en-US","potentialAction":[{"@type":"ReadAction","target":["https:\/\/coplweb.ca\/en\/about-us\/"]}]},{"@type":"ImageObject","inLanguage":"en-US","@id":"https:\/\/coplweb.ca\/en\/about-us\/#primaryimage","url":"https:\/\/coplweb.ca\/wp-content\/uploads\/2022\/02\/LOGO_Fonds-de-recherche_Nature-et-technologies-300x103.png","contentUrl":"https:\/\/coplweb.ca\/wp-content\/uploads\/2022\/02\/LOGO_Fonds-de-recherche_Nature-et-technologies-300x103.png"},{"@type":"BreadcrumbList","@id":"https:\/\/coplweb.ca\/en\/about-us\/#breadcrumb","itemListElement":[{"@type":"ListItem","position":1,"name":"Accueil","item":"https:\/\/coplweb.ca\/en\/"},{"@type":"ListItem","position":2,"name":"About us"}]},{"@type":"WebSite","@id":"https:\/\/coplweb.ca\/#website","url":"https:\/\/coplweb.ca\/","name":"COPL","description":"Regroupement strat\u00e9gique des experts qu\u00e9b\u00e9cois de l&#039;optique et de la photonique","publisher":{"@id":"https:\/\/coplweb.ca\/#organization"},"potentialAction":[{"@type":"SearchAction","target":{"@type":"EntryPoint","urlTemplate":"https:\/\/coplweb.ca\/?s={search_term_string}"},"query-input":{"@type":"PropertyValueSpecification","valueRequired":true,"valueName":"search_term_string"}}],"inLanguage":"en-US"},{"@type":"Organization","@id":"https:\/\/coplweb.ca\/#organization","name":"COPL - Centre d'optique, photonique et lasers","url":"https:\/\/coplweb.ca\/","logo":{"@type":"ImageObject","inLanguage":"en-US","@id":"https:\/\/coplweb.ca\/#\/schema\/logo\/image\/","url":"https:\/\/coplweb.ca\/wp-content\/uploads\/2022\/10\/cropped-COPL_Centre-d-optique-photonique-et-lasers_Logo-rouge.png","contentUrl":"https:\/\/coplweb.ca\/wp-content\/uploads\/2022\/10\/cropped-COPL_Centre-d-optique-photonique-et-lasers_Logo-rouge.png","width":1068,"height":412,"caption":"COPL - Centre d'optique, photonique et lasers"},"image":{"@id":"https:\/\/coplweb.ca\/#\/schema\/logo\/image\/"}}]}},"_links":{"self":[{"href":"https:\/\/coplweb.ca\/en\/wp-json\/wp\/v2\/pages\/1397","targetHints":{"allow":["GET"]}}],"collection":[{"href":"https:\/\/coplweb.ca\/en\/wp-json\/wp\/v2\/pages"}],"about":[{"href":"https:\/\/coplweb.ca\/en\/wp-json\/wp\/v2\/types\/page"}],"author":[{"embeddable":true,"href":"https:\/\/coplweb.ca\/en\/wp-json\/wp\/v2\/users\/1"}],"replies":[{"embeddable":true,"href":"https:\/\/coplweb.ca\/en\/wp-json\/wp\/v2\/comments?post=1397"}],"version-history":[{"count":13,"href":"https:\/\/coplweb.ca\/en\/wp-json\/wp\/v2\/pages\/1397\/revisions"}],"predecessor-version":[{"id":3814,"href":"https:\/\/coplweb.ca\/en\/wp-json\/wp\/v2\/pages\/1397\/revisions\/3814"}],"wp:attachment":[{"href":"https:\/\/coplweb.ca\/en\/wp-json\/wp\/v2\/media?parent=1397"}],"curies":[{"name":"wp","href":"https:\/\/api.w.org\/{rel}","templated":true}]}}